{"id":6771,"date":"2023-04-03T15:17:30","date_gmt":"2023-04-03T13:17:30","guid":{"rendered":"https:\/\/printima.eu\/?post_type=product&#038;p=6771"},"modified":"2023-04-03T16:11:26","modified_gmt":"2023-04-03T14:11:26","slug":"tabliczka-z-numerem-pietra-srebroantracyt-1-0-1-2-3-4","status":"publish","type":"product","link":"https:\/\/printima.eu\/pl\/p\/tabliczka-z-numerem-pietra-srebroantracyt-1-0-1-2-3-4\/","title":{"rendered":"Tabliczka z numerem pi\u0119tra srebro+antracyt  [-1, 0, 1, 2, 3, 4]"},"content":{"rendered":"","protected":false},"excerpt":{"rendered":"<p>Tabliczka z numerem pi\u0119tra w budynku wykonana z dw\u00f3ch p\u0142yt kompozytowych w r\u00f3\u017cnych kolorach. Plecy tabliczki to p\u0142yta w kolorze srebrnym. Numer na froncie jest wycinany w technologii CNC z p\u0142yty w kolorze antracytowym.<\/p>\n","protected":false},"featured_media":6778,"comment_status":"closed","ping_status":"closed","template":"","meta":[],"product_cat":[309],"product_tag":[],"acf":[],"yoast_head":"<!-- This site is optimized with the Yoast SEO plugin v20.4 - https:\/\/yoast.com\/wordpress\/plugins\/seo\/ -->\n<title>Tabliczka z numerem pi\u0119tra srebro+antracyt [-1, 0, 1, 2, 3, 4] | PRINTIMA<\/title>\n<meta name=\"robots\" content=\"index, follow, max-snippet:-1, max-image-preview:large, max-video-preview:-1\" \/>\n<link rel=\"canonical\" href=\"https:\/\/printima.eu\/pl\/p\/tabliczka-z-numerem-pietra-srebroantracyt-1-0-1-2-3-4\/\" \/>\n<meta property=\"og:locale\" content=\"pl_PL\" \/>\n<meta property=\"og:type\" content=\"article\" \/>\n<meta property=\"og:title\" content=\"Tabliczka z numerem pi\u0119tra srebro+antracyt [-1, 0, 1, 2, 3, 4] | PRINTIMA\" \/>\n<meta property=\"og:description\" content=\"Tabliczka z numerem pi\u0119tra w budynku wykonana z dw\u00f3ch p\u0142yt kompozytowych w r\u00f3\u017cnych kolorach. Plecy tabliczki to p\u0142yta w kolorze srebrnym. Numer na froncie jest wycinany w technologii CNC z p\u0142yty w kolorze antracytowym.\" \/>\n<meta property=\"og:url\" content=\"https:\/\/printima.eu\/pl\/p\/tabliczka-z-numerem-pietra-srebroantracyt-1-0-1-2-3-4\/\" \/>\n<meta property=\"og:site_name\" content=\"PRINTIMA\" \/>\n<meta property=\"article:publisher\" content=\"https:\/\/www.facebook.com\/printimapl\" \/>\n<meta property=\"article:modified_time\" content=\"2023-04-03T14:11:26+00:00\" \/>\n<meta property=\"og:image\" content=\"https:\/\/cdn.sela.to\/uploads\/sites\/3\/2023\/04\/TABL0116-Tabliczka-z-numerem-pietra-1.jpg\" \/>\n\t<meta property=\"og:image:width\" content=\"750\" \/>\n\t<meta property=\"og:image:height\" content=\"750\" \/>\n\t<meta property=\"og:image:type\" content=\"image\/jpeg\" \/>\n<meta name=\"twitter:card\" content=\"summary_large_image\" \/>\n<script type=\"application\/ld+json\" class=\"yoast-schema-graph\">{\"@context\":\"https:\/\/schema.org\",\"@graph\":[{\"@type\":\"WebPage\",\"@id\":\"https:\/\/printima.eu\/pl\/p\/tabliczka-z-numerem-pietra-srebroantracyt-1-0-1-2-3-4\/\",\"url\":\"https:\/\/printima.eu\/pl\/p\/tabliczka-z-numerem-pietra-srebroantracyt-1-0-1-2-3-4\/\",\"name\":\"Tabliczka z numerem pi\u0119tra srebro+antracyt [-1, 0, 1, 2, 3, 4] | PRINTIMA\",\"isPartOf\":{\"@id\":\"https:\/\/printima.eu\/pl\/#website\"},\"datePublished\":\"2023-04-03T13:17:30+00:00\",\"dateModified\":\"2023-04-03T14:11:26+00:00\",\"breadcrumb\":{\"@id\":\"https:\/\/printima.eu\/pl\/p\/tabliczka-z-numerem-pietra-srebroantracyt-1-0-1-2-3-4\/#breadcrumb\"},\"inLanguage\":\"pl-PL\",\"potentialAction\":[{\"@type\":\"ReadAction\",\"target\":[\"https:\/\/printima.eu\/pl\/p\/tabliczka-z-numerem-pietra-srebroantracyt-1-0-1-2-3-4\/\"]}]},{\"@type\":\"BreadcrumbList\",\"@id\":\"https:\/\/printima.eu\/pl\/p\/tabliczka-z-numerem-pietra-srebroantracyt-1-0-1-2-3-4\/#breadcrumb\",\"itemListElement\":[{\"@type\":\"ListItem\",\"position\":1,\"name\":\"Strona g\u0142\u00f3wna\",\"item\":\"https:\/\/printima.eu\/pl\/\"},{\"@type\":\"ListItem\",\"position\":2,\"name\":\"Katalog produkt\u00f3w\",\"item\":\"https:\/\/printima.eu\/pl\/katalog\/\"},{\"@type\":\"ListItem\",\"position\":3,\"name\":\"Numery na dom\",\"item\":\"https:\/\/printima.eu\/pl\/c\/numery-na-dom\/\"},{\"@type\":\"ListItem\",\"position\":4,\"name\":\"Cyfry na dom\",\"item\":\"https:\/\/printima.eu\/pl\/c\/numery-na-dom\/cyfry\/\"},{\"@type\":\"ListItem\",\"position\":5,\"name\":\"Tabliczka z numerem pi\u0119tra srebro+antracyt [-1, 0, 1, 2, 3, 4]\"}]},{\"@type\":\"WebSite\",\"@id\":\"https:\/\/printima.eu\/pl\/#website\",\"url\":\"https:\/\/printima.eu\/pl\/\",\"name\":\"PRINTIMA\",\"description\":\"Let it shine!\",\"publisher\":{\"@id\":\"https:\/\/printima.eu\/pl\/#organization\"},\"potentialAction\":[{\"@type\":\"SearchAction\",\"target\":{\"@type\":\"EntryPoint\",\"urlTemplate\":\"https:\/\/printima.eu\/pl\/?s={search_term_string}\"},\"query-input\":\"required name=search_term_string\"}],\"inLanguage\":\"pl-PL\"},{\"@type\":\"Organization\",\"@id\":\"https:\/\/printima.eu\/pl\/#organization\",\"name\":\"PRINTIMA\",\"url\":\"https:\/\/printima.eu\/pl\/\",\"logo\":{\"@type\":\"ImageObject\",\"inLanguage\":\"pl-PL\",\"@id\":\"https:\/\/printima.eu\/pl\/#\/schema\/logo\/image\/\",\"url\":\"https:\/\/cdn.sela.to\/uploads\/sites\/3\/2023\/03\/Logo-Printima.png\",\"contentUrl\":\"https:\/\/cdn.sela.to\/uploads\/sites\/3\/2023\/03\/Logo-Printima.png\",\"width\":800,\"height\":221,\"caption\":\"PRINTIMA\"},\"image\":{\"@id\":\"https:\/\/printima.eu\/pl\/#\/schema\/logo\/image\/\"},\"sameAs\":[\"https:\/\/www.facebook.com\/printimapl\",\"https:\/\/www.instagram.com\/printima.pl\/\"]}]}<\/script>\n<!-- \/ Yoast SEO plugin. -->","yoast_head_json":{"title":"Tabliczka z numerem pi\u0119tra srebro+antracyt [-1, 0, 1, 2, 3, 4] | PRINTIMA","robots":{"index":"index","follow":"follow","max-snippet":"max-snippet:-1","max-image-preview":"max-image-preview:large","max-video-preview":"max-video-preview:-1"},"canonical":"https:\/\/printima.eu\/pl\/p\/tabliczka-z-numerem-pietra-srebroantracyt-1-0-1-2-3-4\/","og_locale":"pl_PL","og_type":"article","og_title":"Tabliczka z numerem pi\u0119tra srebro+antracyt [-1, 0, 1, 2, 3, 4] | PRINTIMA","og_description":"Tabliczka z numerem pi\u0119tra w budynku wykonana z dw\u00f3ch p\u0142yt kompozytowych w r\u00f3\u017cnych kolorach. Plecy tabliczki to p\u0142yta w kolorze srebrnym. Numer na froncie jest wycinany w technologii CNC z p\u0142yty w kolorze antracytowym.","og_url":"https:\/\/printima.eu\/pl\/p\/tabliczka-z-numerem-pietra-srebroantracyt-1-0-1-2-3-4\/","og_site_name":"PRINTIMA","article_publisher":"https:\/\/www.facebook.com\/printimapl","article_modified_time":"2023-04-03T14:11:26+00:00","og_image":[{"width":750,"height":750,"url":"https:\/\/cdn.sela.to\/uploads\/sites\/3\/2023\/04\/TABL0116-Tabliczka-z-numerem-pietra-1.jpg","type":"image\/jpeg"}],"twitter_card":"summary_large_image","schema":{"@context":"https:\/\/schema.org","@graph":[{"@type":"WebPage","@id":"https:\/\/printima.eu\/pl\/p\/tabliczka-z-numerem-pietra-srebroantracyt-1-0-1-2-3-4\/","url":"https:\/\/printima.eu\/pl\/p\/tabliczka-z-numerem-pietra-srebroantracyt-1-0-1-2-3-4\/","name":"Tabliczka z numerem pi\u0119tra srebro+antracyt [-1, 0, 1, 2, 3, 4] | PRINTIMA","isPartOf":{"@id":"https:\/\/printima.eu\/pl\/#website"},"datePublished":"2023-04-03T13:17:30+00:00","dateModified":"2023-04-03T14:11:26+00:00","breadcrumb":{"@id":"https:\/\/printima.eu\/pl\/p\/tabliczka-z-numerem-pietra-srebroantracyt-1-0-1-2-3-4\/#breadcrumb"},"inLanguage":"pl-PL","potentialAction":[{"@type":"ReadAction","target":["https:\/\/printima.eu\/pl\/p\/tabliczka-z-numerem-pietra-srebroantracyt-1-0-1-2-3-4\/"]}]},{"@type":"BreadcrumbList","@id":"https:\/\/printima.eu\/pl\/p\/tabliczka-z-numerem-pietra-srebroantracyt-1-0-1-2-3-4\/#breadcrumb","itemListElement":[{"@type":"ListItem","position":1,"name":"Strona g\u0142\u00f3wna","item":"https:\/\/printima.eu\/pl\/"},{"@type":"ListItem","position":2,"name":"Katalog produkt\u00f3w","item":"https:\/\/printima.eu\/pl\/katalog\/"},{"@type":"ListItem","position":3,"name":"Numery na dom","item":"https:\/\/printima.eu\/pl\/c\/numery-na-dom\/"},{"@type":"ListItem","position":4,"name":"Cyfry na dom","item":"https:\/\/printima.eu\/pl\/c\/numery-na-dom\/cyfry\/"},{"@type":"ListItem","position":5,"name":"Tabliczka z numerem pi\u0119tra srebro+antracyt [-1, 0, 1, 2, 3, 4]"}]},{"@type":"WebSite","@id":"https:\/\/printima.eu\/pl\/#website","url":"https:\/\/printima.eu\/pl\/","name":"PRINTIMA","description":"Let it shine!","publisher":{"@id":"https:\/\/printima.eu\/pl\/#organization"},"potentialAction":[{"@type":"SearchAction","target":{"@type":"EntryPoint","urlTemplate":"https:\/\/printima.eu\/pl\/?s={search_term_string}"},"query-input":"required name=search_term_string"}],"inLanguage":"pl-PL"},{"@type":"Organization","@id":"https:\/\/printima.eu\/pl\/#organization","name":"PRINTIMA","url":"https:\/\/printima.eu\/pl\/","logo":{"@type":"ImageObject","inLanguage":"pl-PL","@id":"https:\/\/printima.eu\/pl\/#\/schema\/logo\/image\/","url":"https:\/\/cdn.sela.to\/uploads\/sites\/3\/2023\/03\/Logo-Printima.png","contentUrl":"https:\/\/cdn.sela.to\/uploads\/sites\/3\/2023\/03\/Logo-Printima.png","width":800,"height":221,"caption":"PRINTIMA"},"image":{"@id":"https:\/\/printima.eu\/pl\/#\/schema\/logo\/image\/"},"sameAs":["https:\/\/www.facebook.com\/printimapl","https:\/\/www.instagram.com\/printima.pl\/"]}]}},"_links":{"self":[{"href":"https:\/\/printima.eu\/pl\/wp-json\/wp\/v2\/product\/6771"}],"collection":[{"href":"https:\/\/printima.eu\/pl\/wp-json\/wp\/v2\/product"}],"about":[{"href":"https:\/\/printima.eu\/pl\/wp-json\/wp\/v2\/types\/product"}],"replies":[{"embeddable":true,"href":"https:\/\/printima.eu\/pl\/wp-json\/wp\/v2\/comments?post=6771"}],"wp:featuredmedia":[{"embeddable":true,"href":"https:\/\/printima.eu\/pl\/wp-json\/wp\/v2\/media\/6778"}],"wp:attachment":[{"href":"https:\/\/printima.eu\/pl\/wp-json\/wp\/v2\/media?parent=6771"}],"wp:term":[{"taxonomy":"product_cat","embeddable":true,"href":"https:\/\/printima.eu\/pl\/wp-json\/wp\/v2\/product_cat?post=6771"},{"taxonomy":"product_tag","embeddable":true,"href":"https:\/\/printima.eu\/pl\/wp-json\/wp\/v2\/product_tag?post=6771"}],"curies":[{"name":"wp","href":"https:\/\/api.w.org\/{rel}","templated":true}]}}