{"id":5707,"date":"2023-03-22T16:34:25","date_gmt":"2023-03-22T15:34:25","guid":{"rendered":"https:\/\/printima.eu\/?post_type=product&#038;p=5707"},"modified":"2023-03-24T16:23:38","modified_gmt":"2023-03-24T15:23:38","slug":"nowoczesna-duza-skrzynka-na-listy-shinebox-antracyt-srebro","status":"publish","type":"product","link":"https:\/\/printima.eu\/pl\/p\/nowoczesna-duza-skrzynka-na-listy-shinebox-antracyt-srebro\/","title":{"rendered":"Nowoczesna du\u017ca skrzynka na listy &#8222;ShineBox&#8221; (antracyt, srebro, format B4)"},"content":{"rendered":"","protected":false},"excerpt":{"rendered":"<p>Nasza autorska skrzynka &#8222;ShineBox&#8221; na listy wyprodukowana <strong>w 100% w Polsce<\/strong>. Dzi\u0119ki du\u017cym wymiarom (41 x 30.5 cm) mo\u017cna w niej pomie\u015bci\u0107 nawet listy <strong>w formacie B4<\/strong>. Adres budynku na skrzynce jest wykonywany w technologii CNC.<\/p>\n","protected":false},"featured_media":5708,"comment_status":"closed","ping_status":"closed","template":"","meta":[],"product_cat":[312,311,310],"product_tag":[],"acf":[],"yoast_head":"<!-- This site is optimized with the Yoast SEO plugin v20.4 - https:\/\/yoast.com\/wordpress\/plugins\/seo\/ -->\n<title>Nowoczesna du\u017ca skrzynka na listy &quot;ShineBox&quot; (antracyt, srebro, format B4) | PRINTIMA<\/title>\n<meta name=\"robots\" content=\"index, follow, max-snippet:-1, max-image-preview:large, max-video-preview:-1\" \/>\n<link rel=\"canonical\" href=\"https:\/\/printima.eu\/pl\/p\/nowoczesna-duza-skrzynka-na-listy-shinebox-antracyt-srebro\/\" \/>\n<meta property=\"og:locale\" content=\"pl_PL\" \/>\n<meta property=\"og:type\" content=\"article\" \/>\n<meta property=\"og:title\" content=\"Nowoczesna du\u017ca skrzynka na listy &quot;ShineBox&quot; (antracyt, srebro, format B4) | PRINTIMA\" \/>\n<meta property=\"og:description\" content=\"Nasza autorska skrzynka &quot;ShineBox&quot; na listy wyprodukowana w 100% w Polsce. Dzi\u0119ki du\u017cym wymiarom (41 x 30.5 cm) mo\u017cna w niej pomie\u015bci\u0107 nawet listy w formacie B4. Adres budynku na skrzynce jest wykonywany w technologii CNC.\" \/>\n<meta property=\"og:url\" content=\"https:\/\/printima.eu\/pl\/p\/nowoczesna-duza-skrzynka-na-listy-shinebox-antracyt-srebro\/\" \/>\n<meta property=\"og:site_name\" content=\"PRINTIMA\" \/>\n<meta property=\"article:publisher\" content=\"https:\/\/www.facebook.com\/printimapl\" \/>\n<meta property=\"article:modified_time\" content=\"2023-03-24T15:23:38+00:00\" \/>\n<meta property=\"og:image\" content=\"https:\/\/cdn.sela.to\/uploads\/sites\/3\/2023\/03\/MBOX0013-Nowoczesna-skrzynka-na-listy-srebro-antracyt-1.jpg\" \/>\n\t<meta property=\"og:image:width\" content=\"2000\" \/>\n\t<meta property=\"og:image:height\" content=\"2000\" \/>\n\t<meta property=\"og:image:type\" content=\"image\/jpeg\" \/>\n<meta name=\"twitter:card\" content=\"summary_large_image\" \/>\n<script type=\"application\/ld+json\" class=\"yoast-schema-graph\">{\"@context\":\"https:\/\/schema.org\",\"@graph\":[{\"@type\":\"WebPage\",\"@id\":\"https:\/\/printima.eu\/pl\/p\/nowoczesna-duza-skrzynka-na-listy-shinebox-antracyt-srebro\/\",\"url\":\"https:\/\/printima.eu\/pl\/p\/nowoczesna-duza-skrzynka-na-listy-shinebox-antracyt-srebro\/\",\"name\":\"Nowoczesna du\u017ca skrzynka na listy \\\"ShineBox\\\" (antracyt, srebro, format B4) | PRINTIMA\",\"isPartOf\":{\"@id\":\"https:\/\/printima.eu\/pl\/#website\"},\"datePublished\":\"2023-03-22T15:34:25+00:00\",\"dateModified\":\"2023-03-24T15:23:38+00:00\",\"breadcrumb\":{\"@id\":\"https:\/\/printima.eu\/pl\/p\/nowoczesna-duza-skrzynka-na-listy-shinebox-antracyt-srebro\/#breadcrumb\"},\"inLanguage\":\"pl-PL\",\"potentialAction\":[{\"@type\":\"ReadAction\",\"target\":[\"https:\/\/printima.eu\/pl\/p\/nowoczesna-duza-skrzynka-na-listy-shinebox-antracyt-srebro\/\"]}]},{\"@type\":\"BreadcrumbList\",\"@id\":\"https:\/\/printima.eu\/pl\/p\/nowoczesna-duza-skrzynka-na-listy-shinebox-antracyt-srebro\/#breadcrumb\",\"itemListElement\":[{\"@type\":\"ListItem\",\"position\":1,\"name\":\"Strona g\u0142\u00f3wna\",\"item\":\"https:\/\/printima.eu\/pl\/\"},{\"@type\":\"ListItem\",\"position\":2,\"name\":\"Katalog produkt\u00f3w\",\"item\":\"https:\/\/printima.eu\/pl\/katalog\/\"},{\"@type\":\"ListItem\",\"position\":3,\"name\":\"Skrzynki na listy\",\"item\":\"https:\/\/printima.eu\/pl\/c\/skrzynki-na-listy\/\"},{\"@type\":\"ListItem\",\"position\":4,\"name\":\"Skrzynki na listy z adresem\",\"item\":\"https:\/\/printima.eu\/pl\/c\/skrzynki-na-listy\/z-adresem\/\"},{\"@type\":\"ListItem\",\"position\":5,\"name\":\"Nowoczesna du\u017ca skrzynka na listy &#8222;ShineBox&#8221; (antracyt, srebro, format B4)\"}]},{\"@type\":\"WebSite\",\"@id\":\"https:\/\/printima.eu\/pl\/#website\",\"url\":\"https:\/\/printima.eu\/pl\/\",\"name\":\"PRINTIMA\",\"description\":\"Let it shine!\",\"publisher\":{\"@id\":\"https:\/\/printima.eu\/pl\/#organization\"},\"potentialAction\":[{\"@type\":\"SearchAction\",\"target\":{\"@type\":\"EntryPoint\",\"urlTemplate\":\"https:\/\/printima.eu\/pl\/?s={search_term_string}\"},\"query-input\":\"required name=search_term_string\"}],\"inLanguage\":\"pl-PL\"},{\"@type\":\"Organization\",\"@id\":\"https:\/\/printima.eu\/pl\/#organization\",\"name\":\"PRINTIMA\",\"url\":\"https:\/\/printima.eu\/pl\/\",\"logo\":{\"@type\":\"ImageObject\",\"inLanguage\":\"pl-PL\",\"@id\":\"https:\/\/printima.eu\/pl\/#\/schema\/logo\/image\/\",\"url\":\"https:\/\/cdn.sela.to\/uploads\/sites\/3\/2023\/03\/Logo-Printima.png\",\"contentUrl\":\"https:\/\/cdn.sela.to\/uploads\/sites\/3\/2023\/03\/Logo-Printima.png\",\"width\":800,\"height\":221,\"caption\":\"PRINTIMA\"},\"image\":{\"@id\":\"https:\/\/printima.eu\/pl\/#\/schema\/logo\/image\/\"},\"sameAs\":[\"https:\/\/www.facebook.com\/printimapl\",\"https:\/\/www.instagram.com\/printima.pl\/\"]}]}<\/script>\n<!-- \/ Yoast SEO plugin. -->","yoast_head_json":{"title":"Nowoczesna du\u017ca skrzynka na listy \"ShineBox\" (antracyt, srebro, format B4) | PRINTIMA","robots":{"index":"index","follow":"follow","max-snippet":"max-snippet:-1","max-image-preview":"max-image-preview:large","max-video-preview":"max-video-preview:-1"},"canonical":"https:\/\/printima.eu\/pl\/p\/nowoczesna-duza-skrzynka-na-listy-shinebox-antracyt-srebro\/","og_locale":"pl_PL","og_type":"article","og_title":"Nowoczesna du\u017ca skrzynka na listy \"ShineBox\" (antracyt, srebro, format B4) | PRINTIMA","og_description":"Nasza autorska skrzynka \"ShineBox\" na listy wyprodukowana w 100% w Polsce. Dzi\u0119ki du\u017cym wymiarom (41 x 30.5 cm) mo\u017cna w niej pomie\u015bci\u0107 nawet listy w formacie B4. Adres budynku na skrzynce jest wykonywany w technologii CNC.","og_url":"https:\/\/printima.eu\/pl\/p\/nowoczesna-duza-skrzynka-na-listy-shinebox-antracyt-srebro\/","og_site_name":"PRINTIMA","article_publisher":"https:\/\/www.facebook.com\/printimapl","article_modified_time":"2023-03-24T15:23:38+00:00","og_image":[{"width":2000,"height":2000,"url":"https:\/\/cdn.sela.to\/uploads\/sites\/3\/2023\/03\/MBOX0013-Nowoczesna-skrzynka-na-listy-srebro-antracyt-1.jpg","type":"image\/jpeg"}],"twitter_card":"summary_large_image","schema":{"@context":"https:\/\/schema.org","@graph":[{"@type":"WebPage","@id":"https:\/\/printima.eu\/pl\/p\/nowoczesna-duza-skrzynka-na-listy-shinebox-antracyt-srebro\/","url":"https:\/\/printima.eu\/pl\/p\/nowoczesna-duza-skrzynka-na-listy-shinebox-antracyt-srebro\/","name":"Nowoczesna du\u017ca skrzynka na listy \"ShineBox\" (antracyt, srebro, format B4) | PRINTIMA","isPartOf":{"@id":"https:\/\/printima.eu\/pl\/#website"},"datePublished":"2023-03-22T15:34:25+00:00","dateModified":"2023-03-24T15:23:38+00:00","breadcrumb":{"@id":"https:\/\/printima.eu\/pl\/p\/nowoczesna-duza-skrzynka-na-listy-shinebox-antracyt-srebro\/#breadcrumb"},"inLanguage":"pl-PL","potentialAction":[{"@type":"ReadAction","target":["https:\/\/printima.eu\/pl\/p\/nowoczesna-duza-skrzynka-na-listy-shinebox-antracyt-srebro\/"]}]},{"@type":"BreadcrumbList","@id":"https:\/\/printima.eu\/pl\/p\/nowoczesna-duza-skrzynka-na-listy-shinebox-antracyt-srebro\/#breadcrumb","itemListElement":[{"@type":"ListItem","position":1,"name":"Strona g\u0142\u00f3wna","item":"https:\/\/printima.eu\/pl\/"},{"@type":"ListItem","position":2,"name":"Katalog produkt\u00f3w","item":"https:\/\/printima.eu\/pl\/katalog\/"},{"@type":"ListItem","position":3,"name":"Skrzynki na listy","item":"https:\/\/printima.eu\/pl\/c\/skrzynki-na-listy\/"},{"@type":"ListItem","position":4,"name":"Skrzynki na listy z adresem","item":"https:\/\/printima.eu\/pl\/c\/skrzynki-na-listy\/z-adresem\/"},{"@type":"ListItem","position":5,"name":"Nowoczesna du\u017ca skrzynka na listy &#8222;ShineBox&#8221; (antracyt, srebro, format B4)"}]},{"@type":"WebSite","@id":"https:\/\/printima.eu\/pl\/#website","url":"https:\/\/printima.eu\/pl\/","name":"PRINTIMA","description":"Let it shine!","publisher":{"@id":"https:\/\/printima.eu\/pl\/#organization"},"potentialAction":[{"@type":"SearchAction","target":{"@type":"EntryPoint","urlTemplate":"https:\/\/printima.eu\/pl\/?s={search_term_string}"},"query-input":"required name=search_term_string"}],"inLanguage":"pl-PL"},{"@type":"Organization","@id":"https:\/\/printima.eu\/pl\/#organization","name":"PRINTIMA","url":"https:\/\/printima.eu\/pl\/","logo":{"@type":"ImageObject","inLanguage":"pl-PL","@id":"https:\/\/printima.eu\/pl\/#\/schema\/logo\/image\/","url":"https:\/\/cdn.sela.to\/uploads\/sites\/3\/2023\/03\/Logo-Printima.png","contentUrl":"https:\/\/cdn.sela.to\/uploads\/sites\/3\/2023\/03\/Logo-Printima.png","width":800,"height":221,"caption":"PRINTIMA"},"image":{"@id":"https:\/\/printima.eu\/pl\/#\/schema\/logo\/image\/"},"sameAs":["https:\/\/www.facebook.com\/printimapl","https:\/\/www.instagram.com\/printima.pl\/"]}]}},"_links":{"self":[{"href":"https:\/\/printima.eu\/pl\/wp-json\/wp\/v2\/product\/5707"}],"collection":[{"href":"https:\/\/printima.eu\/pl\/wp-json\/wp\/v2\/product"}],"about":[{"href":"https:\/\/printima.eu\/pl\/wp-json\/wp\/v2\/types\/product"}],"replies":[{"embeddable":true,"href":"https:\/\/printima.eu\/pl\/wp-json\/wp\/v2\/comments?post=5707"}],"wp:featuredmedia":[{"embeddable":true,"href":"https:\/\/printima.eu\/pl\/wp-json\/wp\/v2\/media\/5708"}],"wp:attachment":[{"href":"https:\/\/printima.eu\/pl\/wp-json\/wp\/v2\/media?parent=5707"}],"wp:term":[{"taxonomy":"product_cat","embeddable":true,"href":"https:\/\/printima.eu\/pl\/wp-json\/wp\/v2\/product_cat?post=5707"},{"taxonomy":"product_tag","embeddable":true,"href":"https:\/\/printima.eu\/pl\/wp-json\/wp\/v2\/product_tag?post=5707"}],"curies":[{"name":"wp","href":"https:\/\/api.w.org\/{rel}","templated":true}]}}