{"id":5001,"date":"2023-03-17T10:27:29","date_gmt":"2023-03-17T09:27:29","guid":{"rendered":"https:\/\/printima.eu\/?post_type=product&#038;p=5001"},"modified":"2023-03-22T08:40:34","modified_gmt":"2023-03-22T07:40:34","slug":"tablica-piktogram-20x10-cm-teren-monitorowany-antracyt","status":"publish","type":"product","link":"https:\/\/printima.eu\/pl\/p\/tablica-piktogram-20x10-cm-teren-monitorowany-antracyt\/","title":{"rendered":"Tablica piktogram 20&#215;10 cm &#8222;Teren monitorowany&#8221; Antracyt"},"content":{"rendered":"<section class=\"wpb-content-wrapper\">[vc_row][vc_column][vc_row_inner et_row_padding=&#8221;true&#8221; content_placement=&#8221;middle&#8221; el_class=&#8221;mobile-col-reverse&#8221;][vc_column_inner width=&#8221;1\/2&#8243; css=&#8221;.vc_custom_1678488270996{padding-top: 5% !important;padding-right: 5% !important;padding-bottom: 5% !important;padding-left: 5% !important;}&#8221;]\t<div class=\"et-image-421 et-image aligncenter    et_image_link\">\n\t\t<div class=\"et-image-inner animation bottom-to-top\">\n\t\t\t\t\t\t\t<div class=\"et-image-thumb \">\n\t\t\t\t\t<img width=\"1024\" height=\"1024\" src=\"https:\/\/cdn.sela.to\/uploads\/sites\/3\/2023\/03\/obiekt-monitorowany-antracyt-cien-1024x1024.png\" class=\"attachment-large\" alt=\"\" decoding=\"async\" loading=\"lazy\" title=\"obiekt monitorowany antracyt cien\" srcset=\"https:\/\/cdn.sela.to\/uploads\/sites\/3\/2023\/03\/obiekt-monitorowany-antracyt-cien-1024x1024.png 1024w, https:\/\/cdn.sela.to\/uploads\/sites\/3\/2023\/03\/obiekt-monitorowany-antracyt-cien-300x300.png 300w, https:\/\/cdn.sela.to\/uploads\/sites\/3\/2023\/03\/obiekt-monitorowany-antracyt-cien-150x150.png 150w, https:\/\/cdn.sela.to\/uploads\/sites\/3\/2023\/03\/obiekt-monitorowany-antracyt-cien-768x768.png 768w, https:\/\/cdn.sela.to\/uploads\/sites\/3\/2023\/03\/obiekt-monitorowany-antracyt-cien-1536x1536.png 1536w, https:\/\/cdn.sela.to\/uploads\/sites\/3\/2023\/03\/obiekt-monitorowany-antracyt-cien-450x450.png 450w, https:\/\/cdn.sela.to\/uploads\/sites\/3\/2023\/03\/obiekt-monitorowany-antracyt-cien-1000x1000.png 1000w, https:\/\/cdn.sela.to\/uploads\/sites\/3\/2023\/03\/obiekt-monitorowany-antracyt-cien-100x100.png 100w, https:\/\/cdn.sela.to\/uploads\/sites\/3\/2023\/03\/obiekt-monitorowany-antracyt-cien-50x50.png 50w, https:\/\/cdn.sela.to\/uploads\/sites\/3\/2023\/03\/obiekt-monitorowany-antracyt-cien.png 2000w\" sizes=\"(max-width: 1024px) 100vw, 1024px\" \/>\t\t\t\t<\/div>\n\t\t\t\t\t\t\t\t\t\t\t<\/div>\n\t<\/div>\n  [\/vc_column_inner][vc_column_inner width=&#8221;1\/2&#8243;][vc_column_text animation=&#8221;animation left-to-right&#8221;]\n<h2>\u26ab TABLICA ALUMINIOWA 20&#215;10 UWAGA TEREN OBIEKT MONITOROWANY &#8211; ANTRACYT<\/h2>\n<p>Trwa\u0142a tabliczka wykonana z materia\u0142u dibond stosowanego do wykonywania szyld\u00f3w, plansz i tablic informacyjnych. <b>Produkt przeznaczony jest do ekspozycji wewn\u0119trznych, a tak\u017ce zewn\u0119trznych.<\/b>\u00a0\u2014 Ze wzgl\u0119du na wysok\u0105 jako\u015b\u0107 wykonania jest odporny na zjawiska atmosferyczne, dzi\u0119ki czemu\u00a0<b>spe\u0142nia swoje zadanie przez d\u0142ugi okres czasu.<\/b><\/p>\n<h2><span style=\"font-size: 16px\">\ud83c\uddf5\ud83c\uddf1 Polski produkt<\/span><\/h2>\n<p>Wybieraj\u0105c\u00a0<b>polskie produkty<\/b>\u00a0wspierasz polsk\u0105 gospodark\u0119. dla produkt\u00f3w wytwarzanych w Polsce, przez firmy z polskim kapita\u0142em \u2013<b>\u00a0z ka\u017cdej z\u0142ot\u00f3wki wydanej na taki produkt<\/b>\u00a0do krajowej gospodarki wr\u00f3ci a\u017c\u00a0<b>79 groszy<\/b>\u00a0Natomiast dla produkt\u00f3w w pe\u0142ni zagranicznych, a tylko sprzedawanych na terenie naszego kraju, z ka\u017cdej z\u0142ot\u00f3wki przeznaczonej na ich zakup pozostanie w Polsce jedynie\u00a0<b>25 groszy<\/b>[\/vc_column_text][\/vc_column_inner][\/vc_row_inner][vc_row_inner et_row_padding=&#8221;true&#8221; content_placement=&#8221;middle&#8221; el_class=&#8221;mobile-col-reverse&#8221;][vc_column_inner width=&#8221;1\/2&#8243; css=&#8221;.vc_custom_1678488270996{padding-top: 5% !important;padding-right: 5% !important;padding-bottom: 5% !important;padding-left: 5% !important;}&#8221;][vc_column_text animation=&#8221;animation left-to-right&#8221;]\n<h2>\u26ab Tabliczka Obiekt monitorowany 20x10cm<\/h2>\n<p>Wytrzyma\u0142a mechanicznie tabliczka jest odporna na odkszta\u0142cenia.\u00a0<b>Produkt jest \u0142atwy w obr\u00f3bce \u2014\u00a0<\/b>a dzi\u0119ki niskiej absorpcji wilgoci ulewne deszcze\u00a0<b>nie powoduj\u0105<\/b>\u00a0napuchni\u0119cia tabliczki.<\/p>\n<ul>\n<li><b>Front i sp\u00f3d\u00a0<\/b>tabliczki wykonany jest z wytrzyma\u0142ego\u00a0<b>aluminum<\/b>.<b>\u00a0Natomiast wewn\u0105trz\u00a0<\/b>tabliczka umocniona jest twardym materia\u0142em<b>\u00a0PCV,<\/b><\/li>\n<li><b>Monta\u017c jest bezproblemowy<\/b>\u00a0wykonasz go zar\u00f3wno za pomoc\u0105 kleju monta\u017cowego jak i ko\u0142k\u00f3w do mocowania, dost\u0119pnych w naszej ofercie.<\/li>\n<li>Dzi\u0119ki swoim w\u0142a\u015bciwo\u015bci\u0105 tabliczk\u0119\u00a0<b>mo\u017cna zamontowa\u0107 na elewacji jak i na ogrodzeniu.<\/b><\/li>\n<\/ul>\n[\/vc_column_text][\/vc_column_inner][vc_column_inner width=&#8221;1\/2&#8243;]\t<div class=\"et-image-653 et-image aligncenter    et_image_link\">\n\t\t<div class=\"et-image-inner animation bottom-to-top\">\n\t\t\t\t\t\t\t<div class=\"et-image-thumb \">\n\t\t\t\t\t<img width=\"1024\" height=\"1024\" src=\"https:\/\/cdn.sela.to\/uploads\/sites\/3\/2023\/03\/obiekt-monitorowany-antracyt4-1024x1024.png\" class=\"attachment-large\" alt=\"\" decoding=\"async\" loading=\"lazy\" title=\"obiekt monitorowany antracyt4\" srcset=\"https:\/\/cdn.sela.to\/uploads\/sites\/3\/2023\/03\/obiekt-monitorowany-antracyt4-1024x1024.png 1024w, https:\/\/cdn.sela.to\/uploads\/sites\/3\/2023\/03\/obiekt-monitorowany-antracyt4-300x300.png 300w, https:\/\/cdn.sela.to\/uploads\/sites\/3\/2023\/03\/obiekt-monitorowany-antracyt4-150x150.png 150w, https:\/\/cdn.sela.to\/uploads\/sites\/3\/2023\/03\/obiekt-monitorowany-antracyt4-768x768.png 768w, https:\/\/cdn.sela.to\/uploads\/sites\/3\/2023\/03\/obiekt-monitorowany-antracyt4-1536x1536.png 1536w, https:\/\/cdn.sela.to\/uploads\/sites\/3\/2023\/03\/obiekt-monitorowany-antracyt4-450x450.png 450w, https:\/\/cdn.sela.to\/uploads\/sites\/3\/2023\/03\/obiekt-monitorowany-antracyt4-1000x1000.png 1000w, https:\/\/cdn.sela.to\/uploads\/sites\/3\/2023\/03\/obiekt-monitorowany-antracyt4-100x100.png 100w, https:\/\/cdn.sela.to\/uploads\/sites\/3\/2023\/03\/obiekt-monitorowany-antracyt4-50x50.png 50w, https:\/\/cdn.sela.to\/uploads\/sites\/3\/2023\/03\/obiekt-monitorowany-antracyt4.png 2000w\" sizes=\"(max-width: 1024px) 100vw, 1024px\" \/>\t\t\t\t<\/div>\n\t\t\t\t\t\t\t\t\t\t\t<\/div>\n\t<\/div>\n  [\/vc_column_inner][\/vc_row_inner][vc_row_inner et_row_padding=&#8221;true&#8221; content_placement=&#8221;middle&#8221;][vc_column_inner width=&#8221;1\/2&#8243;]\t<div class=\"et-image-897 et-image aligncenter    et_image_link\">\n\t\t<div class=\"et-image-inner animation bottom-to-top\">\n\t\t\t\t\t\t\t<div class=\"et-image-thumb \">\n\t\t\t\t\t<img width=\"1024\" height=\"1024\" src=\"https:\/\/cdn.sela.to\/uploads\/sites\/3\/2023\/03\/obiekt-monitorowany-antracyt1-1024x1024.png\" class=\"attachment-large\" alt=\"\" decoding=\"async\" loading=\"lazy\" title=\"obiekt monitorowany antracyt1\" srcset=\"https:\/\/cdn.sela.to\/uploads\/sites\/3\/2023\/03\/obiekt-monitorowany-antracyt1-1024x1024.png 1024w, https:\/\/cdn.sela.to\/uploads\/sites\/3\/2023\/03\/obiekt-monitorowany-antracyt1-300x300.png 300w, https:\/\/cdn.sela.to\/uploads\/sites\/3\/2023\/03\/obiekt-monitorowany-antracyt1-150x150.png 150w, https:\/\/cdn.sela.to\/uploads\/sites\/3\/2023\/03\/obiekt-monitorowany-antracyt1-768x768.png 768w, https:\/\/cdn.sela.to\/uploads\/sites\/3\/2023\/03\/obiekt-monitorowany-antracyt1-1536x1536.png 1536w, https:\/\/cdn.sela.to\/uploads\/sites\/3\/2023\/03\/obiekt-monitorowany-antracyt1-450x450.png 450w, https:\/\/cdn.sela.to\/uploads\/sites\/3\/2023\/03\/obiekt-monitorowany-antracyt1-1000x1000.png 1000w, https:\/\/cdn.sela.to\/uploads\/sites\/3\/2023\/03\/obiekt-monitorowany-antracyt1-100x100.png 100w, https:\/\/cdn.sela.to\/uploads\/sites\/3\/2023\/03\/obiekt-monitorowany-antracyt1-50x50.png 50w, https:\/\/cdn.sela.to\/uploads\/sites\/3\/2023\/03\/obiekt-monitorowany-antracyt1.png 2000w\" sizes=\"(max-width: 1024px) 100vw, 1024px\" \/>\t\t\t\t<\/div>\n\t\t\t\t\t\t\t\t\t\t\t<\/div>\n\t<\/div>\n  [\/vc_column_inner][vc_column_inner width=&#8221;1\/2&#8243;][vc_column_text animation=&#8221;animation right-to-left&#8221;]\n<h2>\u26ab MOCOWANIE TABLICZKI<\/h2>\n<ul>\n<li>Klej monta\u017cowy jak i ko\u0142ki\u00a0<b>NIE<\/b>\u00a0wchodz\u0105 w cz\u0119\u015b\u0107 zestawu,\u00a0<b>znajdziesz je na naszych pozosta\u0142ych aukcjach<\/b>,<\/li>\n<li>Produkt mo\u017cna zamocowa\u0107 w miejscu docelowym\u00a0<b>za pomoc\u0105 wytrzyma\u0142ego kleju monta\u017cowego lub ko\u0142k\u00f3w.<\/b><\/li>\n<li><b>Szczeg\u00f3\u0142y naszych zalece\u0144<\/b>\u00a0dotycz\u0105cych monta\u017cu za pomoc\u0105 kleju jest zawarty w aukcji po\u015bwi\u0119conej dla tego produktu,<\/li>\n<li>Wywiercenie otwor\u00f3w potrzebnych do zamontowania tabliczki dzi\u0119ki ko\u0142kom monta\u017cowym jest bardzo proste. W przypadku wiercenia w materiale PCV u\u017cywa si\u0119 tych samych wierte\u0142 co do metalu,\u00a0<b>ko\u0142ki monta\u017cowe dost\u0119pne w naszej ofercie posiadaj\u0105 \u015brednice o wielko\u015bci 6mm.<\/b><\/li>\n<\/ul>\n[\/vc_column_text][\/vc_column_inner][\/vc_row_inner][vc_row_inner et_row_padding=&#8221;true&#8221; content_placement=&#8221;middle&#8221; el_class=&#8221;mobile-col-reverse&#8221;][vc_column_inner width=&#8221;1\/2&#8243;][vc_column_text animation=&#8221;animation left-to-right&#8221;]\n<h2>\u26ab W\u0141A\u015aCIWO\u015aCI OFEROWANEJ TABLICZKI<\/h2>\n<ul>\n<li><b>Wz\u00f3r,<\/b>\u00a0jest nanoszony na p\u0142yt\u0119 za pomoc\u0105 technologii UV Print. Zapewniaj\u0105cej\u00a0<b>wysok\u0105 jako\u015b\u0107<\/b>\u00a0druku oraz jego\u00a0<b>trwa\u0142o\u015b\u0107<\/b>, a tak\u017ce pi\u0119kne odwzorowanie kolor\u00f3w,<\/li>\n<li>Wymiar tabliczki \u2014\u00a0<b>20&#215;10 cm<\/b>,\u00a0<b>grubo\u015b\u0107 3mm<\/b>\u00a0wi\u0119kszy rozmiar znajdziesz w naszej ofercie.<\/li>\n<li>Tabliczka wykonana jest z\u00a0<b>twardego rdzenia polietylenowego<\/b><\/li>\n<\/ul>\n[\/vc_column_text][\/vc_column_inner][vc_column_inner width=&#8221;1\/2&#8243;]\t<div class=\"et-image-702 et-image aligncenter    et_image_link\">\n\t\t<div class=\"et-image-inner animation bottom-to-top\">\n\t\t\t\t\t\t\t<div class=\"et-image-thumb \">\n\t\t\t\t\t<img width=\"1024\" height=\"1024\" src=\"https:\/\/cdn.sela.to\/uploads\/sites\/3\/2023\/03\/obiekt-monitorowany-antracyt2-1024x1024.png\" class=\"attachment-large\" alt=\"\" decoding=\"async\" loading=\"lazy\" title=\"obiekt monitorowany antracyt2\" srcset=\"https:\/\/cdn.sela.to\/uploads\/sites\/3\/2023\/03\/obiekt-monitorowany-antracyt2-1024x1024.png 1024w, https:\/\/cdn.sela.to\/uploads\/sites\/3\/2023\/03\/obiekt-monitorowany-antracyt2-300x300.png 300w, https:\/\/cdn.sela.to\/uploads\/sites\/3\/2023\/03\/obiekt-monitorowany-antracyt2-150x150.png 150w, https:\/\/cdn.sela.to\/uploads\/sites\/3\/2023\/03\/obiekt-monitorowany-antracyt2-768x768.png 768w, https:\/\/cdn.sela.to\/uploads\/sites\/3\/2023\/03\/obiekt-monitorowany-antracyt2-1536x1536.png 1536w, https:\/\/cdn.sela.to\/uploads\/sites\/3\/2023\/03\/obiekt-monitorowany-antracyt2-450x450.png 450w, https:\/\/cdn.sela.to\/uploads\/sites\/3\/2023\/03\/obiekt-monitorowany-antracyt2-1000x1000.png 1000w, https:\/\/cdn.sela.to\/uploads\/sites\/3\/2023\/03\/obiekt-monitorowany-antracyt2-100x100.png 100w, https:\/\/cdn.sela.to\/uploads\/sites\/3\/2023\/03\/obiekt-monitorowany-antracyt2-50x50.png 50w, https:\/\/cdn.sela.to\/uploads\/sites\/3\/2023\/03\/obiekt-monitorowany-antracyt2.png 2000w\" sizes=\"(max-width: 1024px) 100vw, 1024px\" \/>\t\t\t\t<\/div>\n\t\t\t\t\t\t\t\t\t\t\t<\/div>\n\t<\/div>\n  [\/vc_column_inner][\/vc_row_inner][vc_row_inner et_row_padding=&#8221;true&#8221; content_placement=&#8221;middle&#8221; el_class=&#8221;mobile-col-reverse&#8221;][vc_column_inner][vc_column_text animation=&#8221;animation bottom-to-top&#8221;]\n<h2>\u26ab Informacje prawne<\/h2>\n<p>Po wej\u015bciu RODO monitoring nie jest bezprawny, ale konieczne s\u0105 m.in. specjalne oznaczenia.<\/p>\n<p><b>Obiekt monitorowany \u2013<\/b>\u00a0tabliczka<b>, przepisy<\/b><\/p>\n<p>Zgodnie z obowi\u0105zuj\u0105cymi przepisami mo\u017cliwe jest instalowanie system\u00f3w monitoruj\u0105cych, pod warunkiem poinformowania o tym os\u00f3b obserwowanych.<\/p>\n<p>Konieczne jest:<\/p>\n<ul>\n<li>pisemne poinformowanie pracownik\u00f3w przed dopuszczeniem do pracy o stosowaniu monitoringu;<\/li>\n<li>poinformowanie uczni\u00f3w i pracownik\u00f3w o monitoringu, w spos\u00f3b przyj\u0119ty w szkole lub zak\u0142adzie pracy, nie p\u00f3\u017aniej ni\u017c 14 dni przed jego uruchomieniem;<\/li>\n<li>oznaczenie pomieszcze\u0144 i terenu monitorowanego w spos\u00f3b widoczny i czytelny, za pomoc\u0105 odpowiednich znak\u00f3w \/ tabliczek lub og\u0142osze\u0144 d\u017awi\u0119kowych \u2013 nie p\u00f3\u017aniej ni\u017c jeden dzie\u0144 przed jego uruchomieniem.<\/li>\n<\/ul>\n[\/vc_column_text][\/vc_column_inner][\/vc_row_inner][\/vc_column][\/vc_row]\n<\/section>","protected":false},"excerpt":{"rendered":"<p>Tabliczka informacyjna wykonana z trwa\u0142ego materia\u0142u dibond o wymiarach 20&#215;10 cm. Druk na tabliczk\u0119 naniesione jest w technologii druku UV, przez co jest odporny na skrajne warunki atmosferyczne.<\/p>\n","protected":false},"featured_media":5002,"comment_status":"closed","ping_status":"closed","template":"","meta":[],"product_cat":[324],"product_tag":[],"acf":[],"yoast_head":"<!-- This site is optimized with the Yoast SEO plugin v20.4 - https:\/\/yoast.com\/wordpress\/plugins\/seo\/ -->\n<title>Tablica piktogram 20x10 cm &quot;Teren monitorowany&quot; Antracyt | PRINTIMA<\/title>\n<meta name=\"robots\" content=\"index, follow, max-snippet:-1, max-image-preview:large, max-video-preview:-1\" \/>\n<link rel=\"canonical\" href=\"https:\/\/printima.eu\/pl\/p\/tablica-piktogram-20x10-cm-teren-monitorowany-antracyt\/\" \/>\n<meta property=\"og:locale\" content=\"pl_PL\" \/>\n<meta property=\"og:type\" content=\"article\" \/>\n<meta property=\"og:title\" content=\"Tablica piktogram 20x10 cm &quot;Teren monitorowany&quot; Antracyt | PRINTIMA\" \/>\n<meta property=\"og:description\" content=\"Tabliczka informacyjna wykonana z trwa\u0142ego materia\u0142u dibond o wymiarach 20x10 cm. Druk na tabliczk\u0119 naniesione jest w technologii druku UV, przez co jest odporny na skrajne warunki atmosferyczne.\" \/>\n<meta property=\"og:url\" content=\"https:\/\/printima.eu\/pl\/p\/tablica-piktogram-20x10-cm-teren-monitorowany-antracyt\/\" \/>\n<meta property=\"og:site_name\" content=\"PRINTIMA\" \/>\n<meta property=\"article:publisher\" content=\"https:\/\/www.facebook.com\/printimapl\" \/>\n<meta property=\"article:modified_time\" content=\"2023-03-22T07:40:34+00:00\" \/>\n<meta property=\"og:image\" content=\"https:\/\/cdn.sela.to\/uploads\/sites\/3\/2023\/03\/obiekt-monitorowany-antracyt-cien.png\" \/>\n\t<meta property=\"og:image:width\" content=\"2000\" \/>\n\t<meta property=\"og:image:height\" content=\"2000\" \/>\n\t<meta property=\"og:image:type\" content=\"image\/png\" \/>\n<meta name=\"twitter:card\" content=\"summary_large_image\" \/>\n<meta name=\"twitter:label1\" content=\"Szacowany czas czytania\" \/>\n\t<meta name=\"twitter:data1\" content=\"3 minuty\" \/>\n<script type=\"application\/ld+json\" class=\"yoast-schema-graph\">{\"@context\":\"https:\/\/schema.org\",\"@graph\":[{\"@type\":\"WebPage\",\"@id\":\"https:\/\/printima.eu\/pl\/p\/tablica-piktogram-20x10-cm-teren-monitorowany-antracyt\/\",\"url\":\"https:\/\/printima.eu\/pl\/p\/tablica-piktogram-20x10-cm-teren-monitorowany-antracyt\/\",\"name\":\"Tablica piktogram 20x10 cm \\\"Teren monitorowany\\\" Antracyt | PRINTIMA\",\"isPartOf\":{\"@id\":\"https:\/\/printima.eu\/pl\/#website\"},\"datePublished\":\"2023-03-17T09:27:29+00:00\",\"dateModified\":\"2023-03-22T07:40:34+00:00\",\"breadcrumb\":{\"@id\":\"https:\/\/printima.eu\/pl\/p\/tablica-piktogram-20x10-cm-teren-monitorowany-antracyt\/#breadcrumb\"},\"inLanguage\":\"pl-PL\",\"potentialAction\":[{\"@type\":\"ReadAction\",\"target\":[\"https:\/\/printima.eu\/pl\/p\/tablica-piktogram-20x10-cm-teren-monitorowany-antracyt\/\"]}]},{\"@type\":\"BreadcrumbList\",\"@id\":\"https:\/\/printima.eu\/pl\/p\/tablica-piktogram-20x10-cm-teren-monitorowany-antracyt\/#breadcrumb\",\"itemListElement\":[{\"@type\":\"ListItem\",\"position\":1,\"name\":\"Strona g\u0142\u00f3wna\",\"item\":\"https:\/\/printima.eu\/pl\/\"},{\"@type\":\"ListItem\",\"position\":2,\"name\":\"Katalog produkt\u00f3w\",\"item\":\"https:\/\/printima.eu\/pl\/katalog\/\"},{\"@type\":\"ListItem\",\"position\":3,\"name\":\"Tabliczki informacyjne\",\"item\":\"https:\/\/printima.eu\/pl\/c\/tabliczki-informacyjne\/\"},{\"@type\":\"ListItem\",\"position\":4,\"name\":\"Tablica piktogram 20&#215;10 cm &#8222;Teren monitorowany&#8221; Antracyt\"}]},{\"@type\":\"WebSite\",\"@id\":\"https:\/\/printima.eu\/pl\/#website\",\"url\":\"https:\/\/printima.eu\/pl\/\",\"name\":\"PRINTIMA\",\"description\":\"Let it shine!\",\"publisher\":{\"@id\":\"https:\/\/printima.eu\/pl\/#organization\"},\"potentialAction\":[{\"@type\":\"SearchAction\",\"target\":{\"@type\":\"EntryPoint\",\"urlTemplate\":\"https:\/\/printima.eu\/pl\/?s={search_term_string}\"},\"query-input\":\"required name=search_term_string\"}],\"inLanguage\":\"pl-PL\"},{\"@type\":\"Organization\",\"@id\":\"https:\/\/printima.eu\/pl\/#organization\",\"name\":\"PRINTIMA\",\"url\":\"https:\/\/printima.eu\/pl\/\",\"logo\":{\"@type\":\"ImageObject\",\"inLanguage\":\"pl-PL\",\"@id\":\"https:\/\/printima.eu\/pl\/#\/schema\/logo\/image\/\",\"url\":\"https:\/\/cdn.sela.to\/uploads\/sites\/3\/2023\/03\/Logo-Printima.png\",\"contentUrl\":\"https:\/\/cdn.sela.to\/uploads\/sites\/3\/2023\/03\/Logo-Printima.png\",\"width\":800,\"height\":221,\"caption\":\"PRINTIMA\"},\"image\":{\"@id\":\"https:\/\/printima.eu\/pl\/#\/schema\/logo\/image\/\"},\"sameAs\":[\"https:\/\/www.facebook.com\/printimapl\",\"https:\/\/www.instagram.com\/printima.pl\/\"]}]}<\/script>\n<!-- \/ Yoast SEO plugin. -->","yoast_head_json":{"title":"Tablica piktogram 20x10 cm \"Teren monitorowany\" Antracyt | PRINTIMA","robots":{"index":"index","follow":"follow","max-snippet":"max-snippet:-1","max-image-preview":"max-image-preview:large","max-video-preview":"max-video-preview:-1"},"canonical":"https:\/\/printima.eu\/pl\/p\/tablica-piktogram-20x10-cm-teren-monitorowany-antracyt\/","og_locale":"pl_PL","og_type":"article","og_title":"Tablica piktogram 20x10 cm \"Teren monitorowany\" Antracyt | PRINTIMA","og_description":"Tabliczka informacyjna wykonana z trwa\u0142ego materia\u0142u dibond o wymiarach 20x10 cm. Druk na tabliczk\u0119 naniesione jest w technologii druku UV, przez co jest odporny na skrajne warunki atmosferyczne.","og_url":"https:\/\/printima.eu\/pl\/p\/tablica-piktogram-20x10-cm-teren-monitorowany-antracyt\/","og_site_name":"PRINTIMA","article_publisher":"https:\/\/www.facebook.com\/printimapl","article_modified_time":"2023-03-22T07:40:34+00:00","og_image":[{"width":2000,"height":2000,"url":"https:\/\/cdn.sela.to\/uploads\/sites\/3\/2023\/03\/obiekt-monitorowany-antracyt-cien.png","type":"image\/png"}],"twitter_card":"summary_large_image","twitter_misc":{"Szacowany czas czytania":"3 minuty"},"schema":{"@context":"https:\/\/schema.org","@graph":[{"@type":"WebPage","@id":"https:\/\/printima.eu\/pl\/p\/tablica-piktogram-20x10-cm-teren-monitorowany-antracyt\/","url":"https:\/\/printima.eu\/pl\/p\/tablica-piktogram-20x10-cm-teren-monitorowany-antracyt\/","name":"Tablica piktogram 20x10 cm \"Teren monitorowany\" Antracyt | PRINTIMA","isPartOf":{"@id":"https:\/\/printima.eu\/pl\/#website"},"datePublished":"2023-03-17T09:27:29+00:00","dateModified":"2023-03-22T07:40:34+00:00","breadcrumb":{"@id":"https:\/\/printima.eu\/pl\/p\/tablica-piktogram-20x10-cm-teren-monitorowany-antracyt\/#breadcrumb"},"inLanguage":"pl-PL","potentialAction":[{"@type":"ReadAction","target":["https:\/\/printima.eu\/pl\/p\/tablica-piktogram-20x10-cm-teren-monitorowany-antracyt\/"]}]},{"@type":"BreadcrumbList","@id":"https:\/\/printima.eu\/pl\/p\/tablica-piktogram-20x10-cm-teren-monitorowany-antracyt\/#breadcrumb","itemListElement":[{"@type":"ListItem","position":1,"name":"Strona g\u0142\u00f3wna","item":"https:\/\/printima.eu\/pl\/"},{"@type":"ListItem","position":2,"name":"Katalog produkt\u00f3w","item":"https:\/\/printima.eu\/pl\/katalog\/"},{"@type":"ListItem","position":3,"name":"Tabliczki informacyjne","item":"https:\/\/printima.eu\/pl\/c\/tabliczki-informacyjne\/"},{"@type":"ListItem","position":4,"name":"Tablica piktogram 20&#215;10 cm &#8222;Teren monitorowany&#8221; Antracyt"}]},{"@type":"WebSite","@id":"https:\/\/printima.eu\/pl\/#website","url":"https:\/\/printima.eu\/pl\/","name":"PRINTIMA","description":"Let it shine!","publisher":{"@id":"https:\/\/printima.eu\/pl\/#organization"},"potentialAction":[{"@type":"SearchAction","target":{"@type":"EntryPoint","urlTemplate":"https:\/\/printima.eu\/pl\/?s={search_term_string}"},"query-input":"required name=search_term_string"}],"inLanguage":"pl-PL"},{"@type":"Organization","@id":"https:\/\/printima.eu\/pl\/#organization","name":"PRINTIMA","url":"https:\/\/printima.eu\/pl\/","logo":{"@type":"ImageObject","inLanguage":"pl-PL","@id":"https:\/\/printima.eu\/pl\/#\/schema\/logo\/image\/","url":"https:\/\/cdn.sela.to\/uploads\/sites\/3\/2023\/03\/Logo-Printima.png","contentUrl":"https:\/\/cdn.sela.to\/uploads\/sites\/3\/2023\/03\/Logo-Printima.png","width":800,"height":221,"caption":"PRINTIMA"},"image":{"@id":"https:\/\/printima.eu\/pl\/#\/schema\/logo\/image\/"},"sameAs":["https:\/\/www.facebook.com\/printimapl","https:\/\/www.instagram.com\/printima.pl\/"]}]}},"_links":{"self":[{"href":"https:\/\/printima.eu\/pl\/wp-json\/wp\/v2\/product\/5001"}],"collection":[{"href":"https:\/\/printima.eu\/pl\/wp-json\/wp\/v2\/product"}],"about":[{"href":"https:\/\/printima.eu\/pl\/wp-json\/wp\/v2\/types\/product"}],"replies":[{"embeddable":true,"href":"https:\/\/printima.eu\/pl\/wp-json\/wp\/v2\/comments?post=5001"}],"wp:featuredmedia":[{"embeddable":true,"href":"https:\/\/printima.eu\/pl\/wp-json\/wp\/v2\/media\/5002"}],"wp:attachment":[{"href":"https:\/\/printima.eu\/pl\/wp-json\/wp\/v2\/media?parent=5001"}],"wp:term":[{"taxonomy":"product_cat","embeddable":true,"href":"https:\/\/printima.eu\/pl\/wp-json\/wp\/v2\/product_cat?post=5001"},{"taxonomy":"product_tag","embeddable":true,"href":"https:\/\/printima.eu\/pl\/wp-json\/wp\/v2\/product_tag?post=5001"}],"curies":[{"name":"wp","href":"https:\/\/api.w.org\/{rel}","templated":true}]}}