{"id":4691,"date":"2023-03-16T09:38:46","date_gmt":"2023-03-16T08:38:46","guid":{"rendered":"https:\/\/printima.eu\/?post_type=product&#038;p=4691"},"modified":"2023-03-20T22:22:22","modified_gmt":"2023-03-20T21:22:22","slug":"tablica-piktogram-32x21-cm-zakaz-parkowania-teren-prywatny-2","status":"publish","type":"product","link":"https:\/\/printima.eu\/pl\/p\/tablica-piktogram-32x21-cm-zakaz-parkowania-teren-prywatny-2\/","title":{"rendered":"Tablica piktogram 32&#215;21 cm &#8222;Zakaz parkowania teren prywatny&#8221;"},"content":{"rendered":"<section class=\"wpb-content-wrapper\">[vc_row et_full_width=&#8221;true&#8221; css=&#8221;.vc_custom_1678487496607{margin-top: 5% !important;margin-bottom: 5% !important;}&#8221;][vc_column][vc_row_inner et_row_padding=&#8221;true&#8221; content_placement=&#8221;middle&#8221;][vc_column_inner width=&#8221;1\/2&#8243;]\t<div class=\"et-image-324 et-image aligncenter    et_image_link\">\n\t\t<div class=\"et-image-inner animation bottom-to-top\">\n\t\t\t\t\t\t\t<div class=\"et-image-thumb \">\n\t\t\t\t\t<img width=\"1024\" height=\"1024\" src=\"https:\/\/cdn.sela.to\/uploads\/sites\/3\/2023\/03\/zakaz-parkowania-cien-srebro-1024x1024.jpeg\" class=\"attachment-large\" alt=\"\" decoding=\"async\" loading=\"lazy\" title=\"zakaz parkowania cien srebro\" srcset=\"https:\/\/cdn.sela.to\/uploads\/sites\/3\/2023\/03\/zakaz-parkowania-cien-srebro-1024x1024.jpeg 1024w, https:\/\/cdn.sela.to\/uploads\/sites\/3\/2023\/03\/zakaz-parkowania-cien-srebro-300x300.jpeg 300w, https:\/\/cdn.sela.to\/uploads\/sites\/3\/2023\/03\/zakaz-parkowania-cien-srebro-150x150.jpeg 150w, https:\/\/cdn.sela.to\/uploads\/sites\/3\/2023\/03\/zakaz-parkowania-cien-srebro-768x768.jpeg 768w, https:\/\/cdn.sela.to\/uploads\/sites\/3\/2023\/03\/zakaz-parkowania-cien-srebro-1536x1536.jpeg 1536w, https:\/\/cdn.sela.to\/uploads\/sites\/3\/2023\/03\/zakaz-parkowania-cien-srebro-450x450.jpeg 450w, https:\/\/cdn.sela.to\/uploads\/sites\/3\/2023\/03\/zakaz-parkowania-cien-srebro-1000x1000.jpeg 1000w, https:\/\/cdn.sela.to\/uploads\/sites\/3\/2023\/03\/zakaz-parkowania-cien-srebro-100x100.jpeg 100w, https:\/\/cdn.sela.to\/uploads\/sites\/3\/2023\/03\/zakaz-parkowania-cien-srebro-50x50.jpeg 50w, https:\/\/cdn.sela.to\/uploads\/sites\/3\/2023\/03\/zakaz-parkowania-cien-srebro.jpeg 2000w\" sizes=\"(max-width: 1024px) 100vw, 1024px\" \/>\t\t\t\t<\/div>\n\t\t\t\t\t\t\t\t\t\t\t<\/div>\n\t<\/div>\n  [\/vc_column_inner][vc_column_inner width=&#8221;1\/2&#8243; css=&#8221;.vc_custom_1678488265280{padding-top: 5% !important;padding-right: 5% !important;padding-bottom: 5% !important;padding-left: 5% !important;}&#8221;][vc_column_text animation=&#8221;animation right-to-left&#8221;]\n<h2>\u26ab TABLICA ALUMINIOWA SREBRNA PIKTOGRAM ZAKAZ PARKOWANIA TEREN PRYWATNY<\/h2>\n<p>Trwa\u0142a tabliczka wykonana z materia\u0142u dibond stosowanego do wykonywania szyld\u00f3w, plansz i tablic informacyjnych. <b>Produkt przeznaczony jest do ekspozycji wewn\u0119trznych, a tak\u017ce zewn\u0119trznych.<\/b>\u00a0\u2014 Ze wzgl\u0119du na wysok\u0105 jako\u015b\u0107 wykonania jest odporny na zjawiska atmosferyczne, dzi\u0119ki czemu\u00a0<b>spe\u0142nia swoje zadanie przez d\u0142ugi okres czasu.<\/b><\/p>\n<h2><span style=\"font-size: 16px\">\ud83c\uddf5\ud83c\uddf1 Polski produkt<\/span><\/h2>\n<p>Wybieraj\u0105c\u00a0<b>polskie produkty<\/b>\u00a0wspierasz polsk\u0105 gospodark\u0119. dla produkt\u00f3w wytwarzanych w Polsce, przez firmy z polskim kapita\u0142em \u2013<b>\u00a0z ka\u017cdej z\u0142ot\u00f3wki wydanej na taki produkt<\/b>\u00a0do krajowej gospodarki wr\u00f3ci a\u017c\u00a0<b>79 groszy<\/b>\u00a0Natomiast dla produkt\u00f3w w pe\u0142ni zagranicznych, a tylko sprzedawanych na terenie naszego kraju, z ka\u017cdej z\u0142ot\u00f3wki przeznaczonej na ich zakup pozostanie w Polsce jedynie\u00a0<b>25 groszy<\/b>[\/vc_column_text][\/vc_column_inner][\/vc_row_inner][vc_row_inner et_row_padding=&#8221;true&#8221; content_placement=&#8221;middle&#8221; el_class=&#8221;mobile-col-reverse&#8221;][vc_column_inner width=&#8221;1\/2&#8243; css=&#8221;.vc_custom_1678488270996{padding-top: 5% !important;padding-right: 5% !important;padding-bottom: 5% !important;padding-left: 5% !important;}&#8221;][vc_column_text animation=&#8221;animation left-to-right&#8221;]\n<h2>\u26ab TABLICZKA ZAKAZ PARKOWANIA TEREN PRYWATNY 32X21CM<\/h2>\n<p>Wytrzyma\u0142a mechanicznie tabliczka jest odporna na odkszta\u0142cenia.\u00a0<b>Produkt jest \u0142atwy w obr\u00f3bce \u2014\u00a0<\/b>a dzi\u0119ki niskiej absorpcji wilgoci ulewne deszcze\u00a0<b>nie powoduj\u0105<\/b>\u00a0napuchni\u0119cia tabliczki.<\/p>\n<ul>\n<li><b>Front i sp\u00f3d\u00a0<\/b>tabliczki wykonany jest z wytrzyma\u0142ego\u00a0<b>aluminum<\/b>.<b>\u00a0Natomiast wewn\u0105trz\u00a0<\/b>tabliczka umocniona jest twardym materia\u0142em<b>\u00a0PCV,<\/b><\/li>\n<li><b>Monta\u017c jest bezproblemowy<\/b>\u00a0wykonasz go zar\u00f3wno za pomoc\u0105 kleju monta\u017cowego jak i ko\u0142k\u00f3w do mocowania, dost\u0119pnych w naszej ofercie.<\/li>\n<li>Dzi\u0119ki swoim w\u0142a\u015bciwo\u015bci\u0105 tabliczk\u0119\u00a0<b>mo\u017cna zamontowa\u0107 na elewacji jak i na ogrodzeniu.<\/b><\/li>\n<\/ul>\n[\/vc_column_text][\/vc_column_inner][vc_column_inner width=&#8221;1\/2&#8243;]\t<div class=\"et-image-368 et-image aligncenter    et_image_link\">\n\t\t<div class=\"et-image-inner animation bottom-to-top\">\n\t\t\t\t\t\t\t<div class=\"et-image-thumb \">\n\t\t\t\t\t<img width=\"1024\" height=\"1024\" src=\"https:\/\/cdn.sela.to\/uploads\/sites\/3\/2023\/03\/zakaz-parkowania-srebro3-1024x1024.jpeg\" class=\"attachment-large\" alt=\"\" decoding=\"async\" loading=\"lazy\" title=\"zakaz parkowania srebro3\" srcset=\"https:\/\/cdn.sela.to\/uploads\/sites\/3\/2023\/03\/zakaz-parkowania-srebro3-1024x1024.jpeg 1024w, https:\/\/cdn.sela.to\/uploads\/sites\/3\/2023\/03\/zakaz-parkowania-srebro3-300x300.jpeg 300w, https:\/\/cdn.sela.to\/uploads\/sites\/3\/2023\/03\/zakaz-parkowania-srebro3-150x150.jpeg 150w, https:\/\/cdn.sela.to\/uploads\/sites\/3\/2023\/03\/zakaz-parkowania-srebro3-768x768.jpeg 768w, https:\/\/cdn.sela.to\/uploads\/sites\/3\/2023\/03\/zakaz-parkowania-srebro3-1536x1536.jpeg 1536w, https:\/\/cdn.sela.to\/uploads\/sites\/3\/2023\/03\/zakaz-parkowania-srebro3-450x450.jpeg 450w, https:\/\/cdn.sela.to\/uploads\/sites\/3\/2023\/03\/zakaz-parkowania-srebro3-1000x1000.jpeg 1000w, https:\/\/cdn.sela.to\/uploads\/sites\/3\/2023\/03\/zakaz-parkowania-srebro3-100x100.jpeg 100w, https:\/\/cdn.sela.to\/uploads\/sites\/3\/2023\/03\/zakaz-parkowania-srebro3-50x50.jpeg 50w, https:\/\/cdn.sela.to\/uploads\/sites\/3\/2023\/03\/zakaz-parkowania-srebro3.jpeg 2000w\" sizes=\"(max-width: 1024px) 100vw, 1024px\" \/>\t\t\t\t<\/div>\n\t\t\t\t\t\t\t\t\t\t\t<\/div>\n\t<\/div>\n  [\/vc_column_inner][\/vc_row_inner][vc_row_inner et_row_padding=&#8221;true&#8221; content_placement=&#8221;middle&#8221;][vc_column_inner width=&#8221;1\/2&#8243;]\t<div class=\"et-image-71 et-image aligncenter    et_image_link\">\n\t\t<div class=\"et-image-inner animation bottom-to-top\">\n\t\t\t\t\t\t\t<div class=\"et-image-thumb \">\n\t\t\t\t\t<img width=\"1024\" height=\"1024\" src=\"https:\/\/cdn.sela.to\/uploads\/sites\/3\/2023\/03\/zakaz-parkowania-srebro1-1024x1024.jpeg\" class=\"attachment-large\" alt=\"\" decoding=\"async\" loading=\"lazy\" title=\"zakaz parkowania srebro1\" srcset=\"https:\/\/cdn.sela.to\/uploads\/sites\/3\/2023\/03\/zakaz-parkowania-srebro1-1024x1024.jpeg 1024w, https:\/\/cdn.sela.to\/uploads\/sites\/3\/2023\/03\/zakaz-parkowania-srebro1-300x300.jpeg 300w, https:\/\/cdn.sela.to\/uploads\/sites\/3\/2023\/03\/zakaz-parkowania-srebro1-150x150.jpeg 150w, https:\/\/cdn.sela.to\/uploads\/sites\/3\/2023\/03\/zakaz-parkowania-srebro1-768x768.jpeg 768w, https:\/\/cdn.sela.to\/uploads\/sites\/3\/2023\/03\/zakaz-parkowania-srebro1-1536x1536.jpeg 1536w, https:\/\/cdn.sela.to\/uploads\/sites\/3\/2023\/03\/zakaz-parkowania-srebro1-450x450.jpeg 450w, https:\/\/cdn.sela.to\/uploads\/sites\/3\/2023\/03\/zakaz-parkowania-srebro1-1000x1000.jpeg 1000w, https:\/\/cdn.sela.to\/uploads\/sites\/3\/2023\/03\/zakaz-parkowania-srebro1-100x100.jpeg 100w, https:\/\/cdn.sela.to\/uploads\/sites\/3\/2023\/03\/zakaz-parkowania-srebro1-50x50.jpeg 50w, https:\/\/cdn.sela.to\/uploads\/sites\/3\/2023\/03\/zakaz-parkowania-srebro1.jpeg 2000w\" sizes=\"(max-width: 1024px) 100vw, 1024px\" \/>\t\t\t\t<\/div>\n\t\t\t\t\t\t\t\t\t\t\t<\/div>\n\t<\/div>\n  [\/vc_column_inner][vc_column_inner width=&#8221;1\/2&#8243; css=&#8221;.vc_custom_1678488265280{padding-top: 5% !important;padding-right: 5% !important;padding-bottom: 5% !important;padding-left: 5% !important;}&#8221;][vc_column_text animation=&#8221;animation right-to-left&#8221;]\n<h2>\u26ab MOCOWANIE TABLICZKI<\/h2>\n<ul>\n<li>Klej monta\u017cowy jak i ko\u0142ki\u00a0<b>NIE<\/b>\u00a0wchodz\u0105 w cz\u0119\u015b\u0107 zestawu,\u00a0<b>znajdziesz je na naszych pozosta\u0142ych aukcjach<\/b>,<\/li>\n<li>Produkt mo\u017cna zamocowa\u0107 w miejscu docelowym\u00a0<b>za pomoc\u0105 wytrzyma\u0142ego kleju monta\u017cowego lub ko\u0142k\u00f3w.<\/b><\/li>\n<li><b>Szczeg\u00f3\u0142y naszych zalece\u0144<\/b>\u00a0dotycz\u0105cych monta\u017cu za pomoc\u0105 kleju jest zawarty w aukcji po\u015bwi\u0119conej dla tego produktu,<\/li>\n<li>Wywiercenie otwor\u00f3w potrzebnych do zamontowania tabliczki dzi\u0119ki ko\u0142kom monta\u017cowym jest bardzo proste. W przypadku wiercenia w materiale PCV u\u017cywa si\u0119 tych samych wierte\u0142 co do metalu,\u00a0<b>ko\u0142ki monta\u017cowe dost\u0119pne w naszej ofercie posiadaj\u0105 \u015brednice o wielko\u015bci 6mm.<\/b><\/li>\n<\/ul>\n[\/vc_column_text][\/vc_column_inner][\/vc_row_inner][vc_row_inner et_row_padding=&#8221;true&#8221; content_placement=&#8221;middle&#8221; el_class=&#8221;mobile-col-reverse&#8221;][vc_column_inner width=&#8221;1\/2&#8243;][vc_column_text animation=&#8221;animation left-to-right&#8221;]\n<h2>\u26ab W\u0141A\u015aCIWO\u015aCI OFEROWANEJ TABLICZKI<\/h2>\n<ul>\n<li><b>Wz\u00f3r,<\/b>\u00a0jest nanoszony na p\u0142yt\u0119 za pomoc\u0105 technologii UV Print. Zapewniaj\u0105cej\u00a0<b>wysok\u0105 jako\u015b\u0107<\/b>\u00a0druku oraz jego\u00a0<b>trwa\u0142o\u015b\u0107<\/b>, a tak\u017ce pi\u0119kne odwzorowanie kolor\u00f3w,<\/li>\n<li>Wymiar tabliczki \u2014\u00a0<b>32&#215;21 cm<\/b>,\u00a0<b>grubo\u015b\u0107 3mm,<\/b>\u00a0wi\u0119kszy rozmiar znajdziesz w naszej ofercie.<\/li>\n<li>Tabliczka wykonana jest z\u00a0<b>twardego rdzenia polietylenowego<\/b><\/li>\n<\/ul>\n[\/vc_column_text][\/vc_column_inner][vc_column_inner width=&#8221;1\/2&#8243; css=&#8221;.vc_custom_1678488265280{padding-top: 5% !important;padding-right: 5% !important;padding-bottom: 5% !important;padding-left: 5% !important;}&#8221;]\t<div class=\"et-image-410 et-image aligncenter    et_image_link\">\n\t\t<div class=\"et-image-inner animation bottom-to-top\">\n\t\t\t\t\t\t\t<div class=\"et-image-thumb \">\n\t\t\t\t\t<img width=\"1024\" height=\"1024\" src=\"https:\/\/cdn.sela.to\/uploads\/sites\/3\/2023\/03\/zakaz-parkowania-srebro2-1024x1024.jpeg\" class=\"attachment-large\" alt=\"\" decoding=\"async\" loading=\"lazy\" title=\"zakaz parkowania srebro2\" srcset=\"https:\/\/cdn.sela.to\/uploads\/sites\/3\/2023\/03\/zakaz-parkowania-srebro2-1024x1024.jpeg 1024w, https:\/\/cdn.sela.to\/uploads\/sites\/3\/2023\/03\/zakaz-parkowania-srebro2-300x300.jpeg 300w, https:\/\/cdn.sela.to\/uploads\/sites\/3\/2023\/03\/zakaz-parkowania-srebro2-150x150.jpeg 150w, https:\/\/cdn.sela.to\/uploads\/sites\/3\/2023\/03\/zakaz-parkowania-srebro2-768x768.jpeg 768w, https:\/\/cdn.sela.to\/uploads\/sites\/3\/2023\/03\/zakaz-parkowania-srebro2-1536x1536.jpeg 1536w, https:\/\/cdn.sela.to\/uploads\/sites\/3\/2023\/03\/zakaz-parkowania-srebro2-450x450.jpeg 450w, https:\/\/cdn.sela.to\/uploads\/sites\/3\/2023\/03\/zakaz-parkowania-srebro2-1000x1000.jpeg 1000w, https:\/\/cdn.sela.to\/uploads\/sites\/3\/2023\/03\/zakaz-parkowania-srebro2-100x100.jpeg 100w, https:\/\/cdn.sela.to\/uploads\/sites\/3\/2023\/03\/zakaz-parkowania-srebro2-50x50.jpeg 50w, https:\/\/cdn.sela.to\/uploads\/sites\/3\/2023\/03\/zakaz-parkowania-srebro2.jpeg 2000w\" sizes=\"(max-width: 1024px) 100vw, 1024px\" \/>\t\t\t\t<\/div>\n\t\t\t\t\t\t\t\t\t\t\t<\/div>\n\t<\/div>\n  [\/vc_column_inner][\/vc_row_inner][vc_row_inner et_row_padding=&#8221;true&#8221; content_placement=&#8221;middle&#8221; el_class=&#8221;mobile-col-reverse&#8221;][vc_column_inner][vc_column_text animation=&#8221;animation bottom-to-top&#8221;]\n<h2>\u26ab ZATROSZCZ SI\u0118 O SWOJ\u0104 PRYWATNO\u015a\u0106<\/h2>\n<p>Je\u017celi nie zgadzasz si\u0119 na wjazd niechcianych pojazd\u00f3w na sw\u00f3j teren lub cz\u0119sto spotykasz si\u0119 z problemem zastawionej bramy wjazdowej.\u00a0<b>Masz prawo do postawienia odpowiedniego znaku ostrzegawczego &#8222;Zakaz parkowania&#8221;<\/b>, ostrzegaj\u0105cego kierowc\u00f3w niechcianych pojazd\u00f3w przed mo\u017cliwo\u015bci\u0105 odholowania lub uiszczenia op\u0142aty za czas sp\u0119dzony na twojej posesji.[\/vc_column_text][\/vc_column_inner][\/vc_row_inner][\/vc_column][\/vc_row]\n<\/section>","protected":false},"excerpt":{"rendered":"<p>Tabliczka informacyjna wykonana z trwa\u0142ego materia\u0142u dibond o wymiarach 32&#215;21 cm. Druk na tabliczk\u0119 naniesione jest w technologii druku UV, przez co jest odporny na skrajne warunki atmosferyczne.<\/p>\n","protected":false},"featured_media":4686,"comment_status":"closed","ping_status":"closed","template":"","meta":[],"product_cat":[331],"product_tag":[],"acf":[],"yoast_head":"<!-- This site is optimized with the Yoast SEO plugin v20.4 - https:\/\/yoast.com\/wordpress\/plugins\/seo\/ -->\n<title>Tablica piktogram 32x21 cm &quot;Zakaz parkowania teren prywatny&quot; | PRINTIMA<\/title>\n<meta name=\"robots\" content=\"index, follow, max-snippet:-1, max-image-preview:large, max-video-preview:-1\" \/>\n<link rel=\"canonical\" href=\"https:\/\/printima.eu\/pl\/p\/tablica-piktogram-32x21-cm-zakaz-parkowania-teren-prywatny-2\/\" \/>\n<meta property=\"og:locale\" content=\"pl_PL\" \/>\n<meta property=\"og:type\" content=\"article\" \/>\n<meta property=\"og:title\" content=\"Tablica piktogram 32x21 cm &quot;Zakaz parkowania teren prywatny&quot; | PRINTIMA\" \/>\n<meta property=\"og:description\" content=\"Tabliczka informacyjna wykonana z trwa\u0142ego materia\u0142u dibond o wymiarach 32x21 cm. Druk na tabliczk\u0119 naniesione jest w technologii druku UV, przez co jest odporny na skrajne warunki atmosferyczne.\" \/>\n<meta property=\"og:url\" content=\"https:\/\/printima.eu\/pl\/p\/tablica-piktogram-32x21-cm-zakaz-parkowania-teren-prywatny-2\/\" \/>\n<meta property=\"og:site_name\" content=\"PRINTIMA\" \/>\n<meta property=\"article:publisher\" content=\"https:\/\/www.facebook.com\/printimapl\" \/>\n<meta property=\"article:modified_time\" content=\"2023-03-20T21:22:22+00:00\" \/>\n<meta property=\"og:image\" content=\"https:\/\/cdn.sela.to\/uploads\/sites\/3\/2023\/03\/zakaz-parkowania-cien-srebro.jpeg\" \/>\n\t<meta property=\"og:image:width\" content=\"2000\" \/>\n\t<meta property=\"og:image:height\" content=\"2000\" \/>\n\t<meta property=\"og:image:type\" content=\"image\/jpeg\" \/>\n<meta name=\"twitter:card\" content=\"summary_large_image\" \/>\n<meta name=\"twitter:label1\" content=\"Szacowany czas czytania\" \/>\n\t<meta name=\"twitter:data1\" content=\"3 minuty\" \/>\n<script type=\"application\/ld+json\" class=\"yoast-schema-graph\">{\"@context\":\"https:\/\/schema.org\",\"@graph\":[{\"@type\":\"WebPage\",\"@id\":\"https:\/\/printima.eu\/pl\/p\/tablica-piktogram-32x21-cm-zakaz-parkowania-teren-prywatny-2\/\",\"url\":\"https:\/\/printima.eu\/pl\/p\/tablica-piktogram-32x21-cm-zakaz-parkowania-teren-prywatny-2\/\",\"name\":\"Tablica piktogram 32x21 cm \\\"Zakaz parkowania teren prywatny\\\" | PRINTIMA\",\"isPartOf\":{\"@id\":\"https:\/\/printima.eu\/pl\/#website\"},\"datePublished\":\"2023-03-16T08:38:46+00:00\",\"dateModified\":\"2023-03-20T21:22:22+00:00\",\"breadcrumb\":{\"@id\":\"https:\/\/printima.eu\/pl\/p\/tablica-piktogram-32x21-cm-zakaz-parkowania-teren-prywatny-2\/#breadcrumb\"},\"inLanguage\":\"pl-PL\",\"potentialAction\":[{\"@type\":\"ReadAction\",\"target\":[\"https:\/\/printima.eu\/pl\/p\/tablica-piktogram-32x21-cm-zakaz-parkowania-teren-prywatny-2\/\"]}]},{\"@type\":\"BreadcrumbList\",\"@id\":\"https:\/\/printima.eu\/pl\/p\/tablica-piktogram-32x21-cm-zakaz-parkowania-teren-prywatny-2\/#breadcrumb\",\"itemListElement\":[{\"@type\":\"ListItem\",\"position\":1,\"name\":\"Strona g\u0142\u00f3wna\",\"item\":\"https:\/\/printima.eu\/pl\/\"},{\"@type\":\"ListItem\",\"position\":2,\"name\":\"Katalog produkt\u00f3w\",\"item\":\"https:\/\/printima.eu\/pl\/katalog\/\"},{\"@type\":\"ListItem\",\"position\":3,\"name\":\"Tabliczki informacyjne\",\"item\":\"https:\/\/printima.eu\/pl\/c\/tabliczki-informacyjne\/\"},{\"@type\":\"ListItem\",\"position\":4,\"name\":\"Tablica piktogram 32&#215;21 cm &#8222;Zakaz parkowania teren prywatny&#8221;\"}]},{\"@type\":\"WebSite\",\"@id\":\"https:\/\/printima.eu\/pl\/#website\",\"url\":\"https:\/\/printima.eu\/pl\/\",\"name\":\"PRINTIMA\",\"description\":\"Let it shine!\",\"publisher\":{\"@id\":\"https:\/\/printima.eu\/pl\/#organization\"},\"potentialAction\":[{\"@type\":\"SearchAction\",\"target\":{\"@type\":\"EntryPoint\",\"urlTemplate\":\"https:\/\/printima.eu\/pl\/?s={search_term_string}\"},\"query-input\":\"required name=search_term_string\"}],\"inLanguage\":\"pl-PL\"},{\"@type\":\"Organization\",\"@id\":\"https:\/\/printima.eu\/pl\/#organization\",\"name\":\"PRINTIMA\",\"url\":\"https:\/\/printima.eu\/pl\/\",\"logo\":{\"@type\":\"ImageObject\",\"inLanguage\":\"pl-PL\",\"@id\":\"https:\/\/printima.eu\/pl\/#\/schema\/logo\/image\/\",\"url\":\"https:\/\/cdn.sela.to\/uploads\/sites\/3\/2023\/03\/Logo-Printima.png\",\"contentUrl\":\"https:\/\/cdn.sela.to\/uploads\/sites\/3\/2023\/03\/Logo-Printima.png\",\"width\":800,\"height\":221,\"caption\":\"PRINTIMA\"},\"image\":{\"@id\":\"https:\/\/printima.eu\/pl\/#\/schema\/logo\/image\/\"},\"sameAs\":[\"https:\/\/www.facebook.com\/printimapl\",\"https:\/\/www.instagram.com\/printima.pl\/\"]}]}<\/script>\n<!-- \/ Yoast SEO plugin. -->","yoast_head_json":{"title":"Tablica piktogram 32x21 cm \"Zakaz parkowania teren prywatny\" | PRINTIMA","robots":{"index":"index","follow":"follow","max-snippet":"max-snippet:-1","max-image-preview":"max-image-preview:large","max-video-preview":"max-video-preview:-1"},"canonical":"https:\/\/printima.eu\/pl\/p\/tablica-piktogram-32x21-cm-zakaz-parkowania-teren-prywatny-2\/","og_locale":"pl_PL","og_type":"article","og_title":"Tablica piktogram 32x21 cm \"Zakaz parkowania teren prywatny\" | PRINTIMA","og_description":"Tabliczka informacyjna wykonana z trwa\u0142ego materia\u0142u dibond o wymiarach 32x21 cm. Druk na tabliczk\u0119 naniesione jest w technologii druku UV, przez co jest odporny na skrajne warunki atmosferyczne.","og_url":"https:\/\/printima.eu\/pl\/p\/tablica-piktogram-32x21-cm-zakaz-parkowania-teren-prywatny-2\/","og_site_name":"PRINTIMA","article_publisher":"https:\/\/www.facebook.com\/printimapl","article_modified_time":"2023-03-20T21:22:22+00:00","og_image":[{"width":2000,"height":2000,"url":"https:\/\/cdn.sela.to\/uploads\/sites\/3\/2023\/03\/zakaz-parkowania-cien-srebro.jpeg","type":"image\/jpeg"}],"twitter_card":"summary_large_image","twitter_misc":{"Szacowany czas czytania":"3 minuty"},"schema":{"@context":"https:\/\/schema.org","@graph":[{"@type":"WebPage","@id":"https:\/\/printima.eu\/pl\/p\/tablica-piktogram-32x21-cm-zakaz-parkowania-teren-prywatny-2\/","url":"https:\/\/printima.eu\/pl\/p\/tablica-piktogram-32x21-cm-zakaz-parkowania-teren-prywatny-2\/","name":"Tablica piktogram 32x21 cm \"Zakaz parkowania teren prywatny\" | PRINTIMA","isPartOf":{"@id":"https:\/\/printima.eu\/pl\/#website"},"datePublished":"2023-03-16T08:38:46+00:00","dateModified":"2023-03-20T21:22:22+00:00","breadcrumb":{"@id":"https:\/\/printima.eu\/pl\/p\/tablica-piktogram-32x21-cm-zakaz-parkowania-teren-prywatny-2\/#breadcrumb"},"inLanguage":"pl-PL","potentialAction":[{"@type":"ReadAction","target":["https:\/\/printima.eu\/pl\/p\/tablica-piktogram-32x21-cm-zakaz-parkowania-teren-prywatny-2\/"]}]},{"@type":"BreadcrumbList","@id":"https:\/\/printima.eu\/pl\/p\/tablica-piktogram-32x21-cm-zakaz-parkowania-teren-prywatny-2\/#breadcrumb","itemListElement":[{"@type":"ListItem","position":1,"name":"Strona g\u0142\u00f3wna","item":"https:\/\/printima.eu\/pl\/"},{"@type":"ListItem","position":2,"name":"Katalog produkt\u00f3w","item":"https:\/\/printima.eu\/pl\/katalog\/"},{"@type":"ListItem","position":3,"name":"Tabliczki informacyjne","item":"https:\/\/printima.eu\/pl\/c\/tabliczki-informacyjne\/"},{"@type":"ListItem","position":4,"name":"Tablica piktogram 32&#215;21 cm &#8222;Zakaz parkowania teren prywatny&#8221;"}]},{"@type":"WebSite","@id":"https:\/\/printima.eu\/pl\/#website","url":"https:\/\/printima.eu\/pl\/","name":"PRINTIMA","description":"Let it shine!","publisher":{"@id":"https:\/\/printima.eu\/pl\/#organization"},"potentialAction":[{"@type":"SearchAction","target":{"@type":"EntryPoint","urlTemplate":"https:\/\/printima.eu\/pl\/?s={search_term_string}"},"query-input":"required name=search_term_string"}],"inLanguage":"pl-PL"},{"@type":"Organization","@id":"https:\/\/printima.eu\/pl\/#organization","name":"PRINTIMA","url":"https:\/\/printima.eu\/pl\/","logo":{"@type":"ImageObject","inLanguage":"pl-PL","@id":"https:\/\/printima.eu\/pl\/#\/schema\/logo\/image\/","url":"https:\/\/cdn.sela.to\/uploads\/sites\/3\/2023\/03\/Logo-Printima.png","contentUrl":"https:\/\/cdn.sela.to\/uploads\/sites\/3\/2023\/03\/Logo-Printima.png","width":800,"height":221,"caption":"PRINTIMA"},"image":{"@id":"https:\/\/printima.eu\/pl\/#\/schema\/logo\/image\/"},"sameAs":["https:\/\/www.facebook.com\/printimapl","https:\/\/www.instagram.com\/printima.pl\/"]}]}},"_links":{"self":[{"href":"https:\/\/printima.eu\/pl\/wp-json\/wp\/v2\/product\/4691"}],"collection":[{"href":"https:\/\/printima.eu\/pl\/wp-json\/wp\/v2\/product"}],"about":[{"href":"https:\/\/printima.eu\/pl\/wp-json\/wp\/v2\/types\/product"}],"replies":[{"embeddable":true,"href":"https:\/\/printima.eu\/pl\/wp-json\/wp\/v2\/comments?post=4691"}],"wp:featuredmedia":[{"embeddable":true,"href":"https:\/\/printima.eu\/pl\/wp-json\/wp\/v2\/media\/4686"}],"wp:attachment":[{"href":"https:\/\/printima.eu\/pl\/wp-json\/wp\/v2\/media?parent=4691"}],"wp:term":[{"taxonomy":"product_cat","embeddable":true,"href":"https:\/\/printima.eu\/pl\/wp-json\/wp\/v2\/product_cat?post=4691"},{"taxonomy":"product_tag","embeddable":true,"href":"https:\/\/printima.eu\/pl\/wp-json\/wp\/v2\/product_tag?post=4691"}],"curies":[{"name":"wp","href":"https:\/\/api.w.org\/{rel}","templated":true}]}}