{"id":57,"date":"2019-03-17T15:40:42","date_gmt":"2019-03-17T15:40:42","guid":{"rendered":"https:\/\/goya.everthemes.com\/demo-basic\/?page_id=57"},"modified":"2023-04-08T13:21:44","modified_gmt":"2023-04-08T11:21:44","slug":"faq","status":"publish","type":"page","link":"https:\/\/printima.eu\/pl\/faq\/","title":{"rendered":"FAQ"},"content":{"rendered":"\n<div class=\"wp-block-columns is-layout-flex wp-container-3\">\n<div class=\"wp-block-column is-layout-flow\" style=\"flex-basis:33.33%\">\n<h3 class=\"wp-block-heading\">Zam\u00f3wienie<\/h3>\n<\/div>\n\n\n\n<div class=\"wp-block-column is-layout-flow\" style=\"flex-basis:66.66%\">\n<p><strong>Ile trwa realizacja zam\u00f3wienia?<\/strong><br>W ka\u017cdej ofercie w tabeli ze specyfikacj\u0105 techniczn\u0105 informujemy jak d\u0142ugo zajmie produkcja. W przypadku artyku\u0142\u00f3w gotowych, jak np. piktogramy, wysy\u0142k\u0119 realizujemy natychmiastowo. Artyku\u0142y wymagaj\u0105ce personalizacji realizujemy zazwyczaj w przedziale 1-3 dni roboczych.<\/p>\n\n\n\n<p><strong>Jak mog\u0119 si\u0119 skontaktowa\u0107 w sprawie zam\u00f3wienia?<br><\/strong>Na podstronie&nbsp;<a href=\"https:\/\/printima.eu\/pl\/kontakt\/\">Kontakt<\/a>&nbsp;jest dost\u0119pny formularz kontaktowy. Mo\u017cna r\u00f3wnie\u017c napisa\u0107 maila na adres&nbsp;<a href=\"mailto:kontakt@printima.eu\">kontakt@printima.eu<\/a>.<\/p>\n\n\n\n<p><strong>Czy kupuj\u0105c towar, musz\u0119 mie\u0107 za\u0142o\u017cone konto w sklepie internetowym?<\/strong><br>Istnieje mo\u017cliwo\u015b\u0107 z\u0142o\u017cenia zam\u00f3wienia bez rejestracji w sklepie, bez konieczno\u015bci zak\u0142adania konta.<\/p>\n\n\n\n<p><strong>Czy mo\u017cliwy jest zakup za pobraniem?<br><\/strong>Tak, mo\u017cliwy jest zakup za pobraniem. Do ka\u017cdego rodzaju dostawy nale\u017cy doliczy\u0107 dodatkow\u0105 op\u0142at\u0119 za wysy\u0142k\u0119 pobraniow\u0105.<\/p>\n<\/div>\n<\/div>\n\n\n\n<hr class=\"wp-block-separator has-alpha-channel-opacity is-style-dots\"\/>\n\n\n\n<div class=\"wp-block-columns is-layout-flex wp-container-6\">\n<div class=\"wp-block-column is-layout-flow\" style=\"flex-basis:33.33%\">\n<h3 class=\"wp-block-heading\">Dostawa i zwrot<\/h3>\n<\/div>\n\n\n\n<div class=\"wp-block-column is-layout-flow\" style=\"flex-basis:66.66%\">\n<p><strong>Czy dostawa jest darmowa?<\/strong><br>Dostawa jest darmowa w przypadku zam\u00f3wienia powy\u017cej okre\u015blonej w danym momencie kwoty. Koszt dostawy dost\u0119pny jest na podstronie \u201eDostawa i p\u0142atno\u015b\u0107\u201d.<\/p>\n\n\n\n<p><strong>Czy mog\u0119 zwr\u00f3ci\u0107 produkt?<\/strong><br>Zakupiony towar podlega zwrotowi, je\u017celi nie jest zniszczony i nie ma \u017cadnych \u015blad\u00f3w u\u017cytkowania. Wyj\u0105tek od tej regu\u0142y stanowi\u0105 produkty personalizowane na \u017cyczenie klient, jak np. tabliczki adresowe.<\/p>\n\n\n\n<p><strong>W jakim czasie mo\u017cna dokona\u0107 zwrotu\/wymiany towaru?<\/strong><br>Zwrotu lub wymiany mo\u017cna dokonywa\u0107 do 14 dni roboczych od dnia otrzymania przesy\u0142ki.<\/p>\n\n\n\n<p><strong>Na jaki adres nale\u017cy nada\u0107 zwrot?<\/strong><br>Zwrot prosimy nada\u0107 na adres: PRINTIMA<br>Grodkowice 135,<br>32-015 K\u0142aj<br>Polska<\/p>\n\n\n\n<p><strong>Kiedy otrzymam zwrot pieni\u0119dzy?<\/strong><br>Pieni\u0105dze ze zwrotu zostan\u0105 przes\u0142ane na wskazany numer konta bankowego w terminie 7 dni roboczych.<\/p>\n<\/div>\n<\/div>\n\n\n\n<p><\/p>\n","protected":false},"excerpt":{"rendered":"<p>Zam\u00f3wienie Ile trwa realizacja zam\u00f3wienia?W ka\u017cdej ofercie w tabeli ze specyfikacj\u0105 techniczn\u0105 informujemy jak d\u0142ugo zajmie produkcja. W przypadku artyku\u0142\u00f3w gotowych, jak np. piktogramy, wysy\u0142k\u0119 realizujemy natychmiastowo. Artyku\u0142y wymagaj\u0105ce personalizacji realizujemy zazwyczaj w przedziale 1-3 dni roboczych. Jak mog\u0119 si\u0119 skontaktowa\u0107 w sprawie zam\u00f3wienia?Na podstronie&nbsp;Kontakt&nbsp;jest dost\u0119pny formularz kontaktowy. Mo\u017cna r\u00f3wnie\u017c&hellip;<\/p>\n","protected":false},"author":1,"featured_media":0,"parent":0,"menu_order":0,"comment_status":"closed","ping_status":"closed","template":"page-static.php","meta":[],"acf":[],"yoast_head":"<!-- This site is optimized with the Yoast SEO plugin v20.4 - https:\/\/yoast.com\/wordpress\/plugins\/seo\/ -->\n<title>FAQ \u2014 PRINTIMA<\/title>\n<meta name=\"description\" content=\"Nasze FAQ, czyli odpowiedzi na pytania, kt\u00f3re najcz\u0119\u015bciej nam zadajecie. Sprawd\u017a najpierw, czy nie ma tu odpowiedzi na Twoje pytanie.\" \/>\n<meta name=\"robots\" content=\"index, follow, max-snippet:-1, max-image-preview:large, max-video-preview:-1\" \/>\n<link rel=\"canonical\" href=\"https:\/\/printima.eu\/pl\/faq\/\" \/>\n<meta property=\"og:locale\" content=\"pl_PL\" \/>\n<meta property=\"og:type\" content=\"article\" \/>\n<meta property=\"og:title\" content=\"FAQ \u2014 PRINTIMA\" \/>\n<meta property=\"og:description\" content=\"Nasze FAQ, czyli odpowiedzi na pytania, kt\u00f3re najcz\u0119\u015bciej nam zadajecie. Sprawd\u017a najpierw, czy nie ma tu odpowiedzi na Twoje pytanie.\" \/>\n<meta property=\"og:url\" content=\"https:\/\/printima.eu\/pl\/faq\/\" \/>\n<meta property=\"og:site_name\" content=\"PRINTIMA\" \/>\n<meta property=\"article:publisher\" content=\"https:\/\/www.facebook.com\/printimapl\" \/>\n<meta property=\"article:modified_time\" content=\"2023-04-08T11:21:44+00:00\" \/>\n<meta property=\"og:image\" content=\"https:\/\/cdn.sela.to\/uploads\/sites\/3\/2023\/03\/PRINTIMA-website.png\" \/>\n\t<meta property=\"og:image:width\" content=\"1500\" \/>\n\t<meta property=\"og:image:height\" content=\"979\" \/>\n\t<meta property=\"og:image:type\" content=\"image\/png\" \/>\n<meta name=\"twitter:card\" content=\"summary_large_image\" \/>\n<meta name=\"twitter:label1\" content=\"Szacowany czas czytania\" \/>\n\t<meta name=\"twitter:data1\" content=\"2 minuty\" \/>\n<script type=\"application\/ld+json\" class=\"yoast-schema-graph\">{\"@context\":\"https:\/\/schema.org\",\"@graph\":[{\"@type\":\"WebPage\",\"@id\":\"https:\/\/printima.eu\/pl\/faq\/\",\"url\":\"https:\/\/printima.eu\/pl\/faq\/\",\"name\":\"FAQ \u2014 PRINTIMA\",\"isPartOf\":{\"@id\":\"https:\/\/printima.eu\/pl\/#website\"},\"datePublished\":\"2019-03-17T15:40:42+00:00\",\"dateModified\":\"2023-04-08T11:21:44+00:00\",\"description\":\"Nasze FAQ, czyli odpowiedzi na pytania, kt\u00f3re najcz\u0119\u015bciej nam zadajecie. Sprawd\u017a najpierw, czy nie ma tu odpowiedzi na Twoje pytanie.\",\"breadcrumb\":{\"@id\":\"https:\/\/printima.eu\/pl\/faq\/#breadcrumb\"},\"inLanguage\":\"pl-PL\",\"potentialAction\":[{\"@type\":\"ReadAction\",\"target\":[\"https:\/\/printima.eu\/pl\/faq\/\"]}]},{\"@type\":\"BreadcrumbList\",\"@id\":\"https:\/\/printima.eu\/pl\/faq\/#breadcrumb\",\"itemListElement\":[{\"@type\":\"ListItem\",\"position\":1,\"name\":\"Strona g\u0142\u00f3wna\",\"item\":\"https:\/\/printima.eu\/pl\/\"},{\"@type\":\"ListItem\",\"position\":2,\"name\":\"FAQ\"}]},{\"@type\":\"WebSite\",\"@id\":\"https:\/\/printima.eu\/pl\/#website\",\"url\":\"https:\/\/printima.eu\/pl\/\",\"name\":\"PRINTIMA\",\"description\":\"Let it shine!\",\"publisher\":{\"@id\":\"https:\/\/printima.eu\/pl\/#organization\"},\"potentialAction\":[{\"@type\":\"SearchAction\",\"target\":{\"@type\":\"EntryPoint\",\"urlTemplate\":\"https:\/\/printima.eu\/pl\/?s={search_term_string}\"},\"query-input\":\"required name=search_term_string\"}],\"inLanguage\":\"pl-PL\"},{\"@type\":\"Organization\",\"@id\":\"https:\/\/printima.eu\/pl\/#organization\",\"name\":\"PRINTIMA\",\"url\":\"https:\/\/printima.eu\/pl\/\",\"logo\":{\"@type\":\"ImageObject\",\"inLanguage\":\"pl-PL\",\"@id\":\"https:\/\/printima.eu\/pl\/#\/schema\/logo\/image\/\",\"url\":\"https:\/\/cdn.sela.to\/uploads\/sites\/3\/2023\/03\/Logo-Printima.png\",\"contentUrl\":\"https:\/\/cdn.sela.to\/uploads\/sites\/3\/2023\/03\/Logo-Printima.png\",\"width\":800,\"height\":221,\"caption\":\"PRINTIMA\"},\"image\":{\"@id\":\"https:\/\/printima.eu\/pl\/#\/schema\/logo\/image\/\"},\"sameAs\":[\"https:\/\/www.facebook.com\/printimapl\",\"https:\/\/www.instagram.com\/printima.pl\/\"]}]}<\/script>\n<!-- \/ Yoast SEO plugin. -->","yoast_head_json":{"title":"FAQ \u2014 PRINTIMA","description":"Nasze FAQ, czyli odpowiedzi na pytania, kt\u00f3re najcz\u0119\u015bciej nam zadajecie. Sprawd\u017a najpierw, czy nie ma tu odpowiedzi na Twoje pytanie.","robots":{"index":"index","follow":"follow","max-snippet":"max-snippet:-1","max-image-preview":"max-image-preview:large","max-video-preview":"max-video-preview:-1"},"canonical":"https:\/\/printima.eu\/pl\/faq\/","og_locale":"pl_PL","og_type":"article","og_title":"FAQ \u2014 PRINTIMA","og_description":"Nasze FAQ, czyli odpowiedzi na pytania, kt\u00f3re najcz\u0119\u015bciej nam zadajecie. Sprawd\u017a najpierw, czy nie ma tu odpowiedzi na Twoje pytanie.","og_url":"https:\/\/printima.eu\/pl\/faq\/","og_site_name":"PRINTIMA","article_publisher":"https:\/\/www.facebook.com\/printimapl","article_modified_time":"2023-04-08T11:21:44+00:00","og_image":[{"width":1500,"height":979,"url":"https:\/\/cdn.sela.to\/uploads\/sites\/3\/2023\/03\/PRINTIMA-website.png","type":"image\/png"}],"twitter_card":"summary_large_image","twitter_misc":{"Szacowany czas czytania":"2 minuty"},"schema":{"@context":"https:\/\/schema.org","@graph":[{"@type":"WebPage","@id":"https:\/\/printima.eu\/pl\/faq\/","url":"https:\/\/printima.eu\/pl\/faq\/","name":"FAQ \u2014 PRINTIMA","isPartOf":{"@id":"https:\/\/printima.eu\/pl\/#website"},"datePublished":"2019-03-17T15:40:42+00:00","dateModified":"2023-04-08T11:21:44+00:00","description":"Nasze FAQ, czyli odpowiedzi na pytania, kt\u00f3re najcz\u0119\u015bciej nam zadajecie. Sprawd\u017a najpierw, czy nie ma tu odpowiedzi na Twoje pytanie.","breadcrumb":{"@id":"https:\/\/printima.eu\/pl\/faq\/#breadcrumb"},"inLanguage":"pl-PL","potentialAction":[{"@type":"ReadAction","target":["https:\/\/printima.eu\/pl\/faq\/"]}]},{"@type":"BreadcrumbList","@id":"https:\/\/printima.eu\/pl\/faq\/#breadcrumb","itemListElement":[{"@type":"ListItem","position":1,"name":"Strona g\u0142\u00f3wna","item":"https:\/\/printima.eu\/pl\/"},{"@type":"ListItem","position":2,"name":"FAQ"}]},{"@type":"WebSite","@id":"https:\/\/printima.eu\/pl\/#website","url":"https:\/\/printima.eu\/pl\/","name":"PRINTIMA","description":"Let it shine!","publisher":{"@id":"https:\/\/printima.eu\/pl\/#organization"},"potentialAction":[{"@type":"SearchAction","target":{"@type":"EntryPoint","urlTemplate":"https:\/\/printima.eu\/pl\/?s={search_term_string}"},"query-input":"required name=search_term_string"}],"inLanguage":"pl-PL"},{"@type":"Organization","@id":"https:\/\/printima.eu\/pl\/#organization","name":"PRINTIMA","url":"https:\/\/printima.eu\/pl\/","logo":{"@type":"ImageObject","inLanguage":"pl-PL","@id":"https:\/\/printima.eu\/pl\/#\/schema\/logo\/image\/","url":"https:\/\/cdn.sela.to\/uploads\/sites\/3\/2023\/03\/Logo-Printima.png","contentUrl":"https:\/\/cdn.sela.to\/uploads\/sites\/3\/2023\/03\/Logo-Printima.png","width":800,"height":221,"caption":"PRINTIMA"},"image":{"@id":"https:\/\/printima.eu\/pl\/#\/schema\/logo\/image\/"},"sameAs":["https:\/\/www.facebook.com\/printimapl","https:\/\/www.instagram.com\/printima.pl\/"]}]}},"_links":{"self":[{"href":"https:\/\/printima.eu\/pl\/wp-json\/wp\/v2\/pages\/57"}],"collection":[{"href":"https:\/\/printima.eu\/pl\/wp-json\/wp\/v2\/pages"}],"about":[{"href":"https:\/\/printima.eu\/pl\/wp-json\/wp\/v2\/types\/page"}],"author":[{"embeddable":true,"href":"https:\/\/printima.eu\/pl\/wp-json\/wp\/v2\/users\/1"}],"replies":[{"embeddable":true,"href":"https:\/\/printima.eu\/pl\/wp-json\/wp\/v2\/comments?post=57"}],"version-history":[{"count":0,"href":"https:\/\/printima.eu\/pl\/wp-json\/wp\/v2\/pages\/57\/revisions"}],"wp:attachment":[{"href":"https:\/\/printima.eu\/pl\/wp-json\/wp\/v2\/media?parent=57"}],"curies":[{"name":"wp","href":"https:\/\/api.w.org\/{rel}","templated":true}]}}