{"id":3525,"date":"2023-03-08T19:35:57","date_gmt":"2023-03-08T18:35:57","guid":{"rendered":"https:\/\/printima.eu\/?page_id=3525"},"modified":"2023-04-08T13:17:52","modified_gmt":"2023-04-08T11:17:52","slug":"zwroty-i-reklamacje","status":"publish","type":"page","link":"https:\/\/printima.eu\/pl\/zwroty-i-reklamacje\/","title":{"rendered":"Zwroty i reklamacje"},"content":{"rendered":"<h2 class=\"wp-block-heading\" style=\"text-transform:uppercase\">Zwroty<\/h2><p>Przedmioty zakupione w sklepie PRINTIMA mo\u017cesz wymieni\u0107 lub skorzysta\u0107 z prawa odst\u0105pienia od umowy. Masz na to 30 dni kalendarzowych od dnia otrzymania towaru. Nie musisz podawa\u0107 powodu, jednak towar nie mo\u017ce nosi\u0107 \u015bladu u\u017cytkowania \u2013 musi by\u0107 w stanie nienaruszonym. Produkty przygotowane na specjalne zam\u00f3wienie nie podlegaj\u0105 wymianie i zwrotowi.<\/p><p>Przed odes\u0142aniem wysy\u0142ki skontaktuj si\u0119 z nami mailowo lub telefonicznie. By\u0107 mo\u017ce wystarczy wymiana produktu na nowy. Je\u017celi towar nie spe\u0142nia powy\u017cszych warunk\u00f3w, tj. idealny stan produktu czy \u015blady u\u017cytkowania, produkt nie podlega zwrotowi.<\/p><p>Zwracaj\u0105c produkt pokrywasz koszty zar\u00f3wno dostawy, jak i odes\u0142ania do nas produktu. Pieni\u0105dze ze zwrotu zostan\u0105 przes\u0142ane na wskazany przez Ciebie numer konta bankowego w terminie 7 dni. <\/p><p>Zwrot nale\u017cy nada\u0107 na adres:<br \/>\r<br \/>\rPRINTIMA<br \/>\rGrodkowice 135,<br \/>\r32-015\u00a0K\u0142aj<br \/>\rPolska<\/p><p>Nie przyjmujemy paczek za pobraniem, a tak\u017ce bez uprzedniego poinformowania nas o zwrocie.<\/p><div class=\"wp-block-buttons is-layout-flex\"><div class=\"wp-block-button\"><a class=\"wp-block-button__link wp-element-button\" href=\"https:\/\/cdn.sela.to\/plugins\/selato\/assets\/files\/Odst\u0105pienie_od_umowy.pdf\" target=\"_blank\" rel=\"noreferrer noopener\">Pobierz wz\u00f3r<\/a><\/div><\/div><hr class=\"wp-block-separator has-alpha-channel-opacity\"\/><h2 class=\"wp-block-heading\" style=\"text-transform:uppercase\">Reklamacje<\/h2><p>Reklamacje rozpatrywane s\u0105 w ci\u0105gu 7 dni roboczych od dnia otrzymania przez nas zwrotu. Podlegaj\u0105 reklamacji kwestie dotycz\u0105ce niezgodno\u015bci otrzymanego produktu z tym prezentowanym na stronie https:\/\/printima.eu\/pl\/.<\/p><p>Reklamacji nie podlegaj\u0105 r\u00f3\u017cnice wynikaj\u0105ce z r\u00f3\u017cnicy w barwach lub odcieniach na oferowanym produkcie, kt\u00f3re mog\u0105 wynika\u0107 z przyczyn od nas niezale\u017cnych (np. r\u00f3\u017cnica w parametrach monitora).<\/p><p>Wysy\u0142aj\u0105c paczk\u0119 z reklamacj\u0105 prosimy o pobranie i wype\u0142nienie tego formularza oraz nadanie jej na adres: <br \/>\r<br \/>\rPRINTIMA<br \/>\rGrodkowice 135,<br \/>\r32-015\u00a0K\u0142aj<br \/>\rPolska.<\/p><p>W tym przypadku r\u00f3wnie\u017c nie przyjmujemy paczek za pobraniem i przez uprzedniego poinformowania nas o wadzie produktu.<\/p><div class=\"wp-block-buttons is-layout-flex\"><div class=\"wp-block-button is-style-fill\"><a class=\"wp-block-button__link wp-element-button\" href=\"https:\/\/cdn.sela.to\/plugins\/selato\/assets\/files\/Forularz_reklamacji.pdf\" target=\"_blank\" rel=\"noreferrer noopener\">Pobierz wz\u00f3r<\/a><\/div><\/div><style type=\"text\/css\" data-type=\"vc_shortcodes-custom-css\"><\/style>","protected":false},"excerpt":{"rendered":"<p>ZwrotyPrzedmioty zakupione w sklepie PRINTIMA mo\u017cesz wymieni\u0107 lub skorzysta\u0107 z prawa odst\u0105pienia od umowy. Masz na to 30 dni kalendarzowych od dnia otrzymania towaru. Nie musisz podawa\u0107 powodu, jednak towar nie mo\u017ce nosi\u0107 \u015bladu u\u017cytkowania \u2013 musi by\u0107 w stanie nienaruszonym. Produkty przygotowane na specjalne zam\u00f3wienie nie podlegaj\u0105 wymianie i&hellip;<\/p>\n","protected":false},"author":1,"featured_media":0,"parent":0,"menu_order":0,"comment_status":"closed","ping_status":"closed","template":"page-static.php","meta":[],"acf":[],"yoast_head":"<!-- This site is optimized with the Yoast SEO plugin v20.4 - https:\/\/yoast.com\/wordpress\/plugins\/seo\/ -->\n<title>Zwroty i reklamacje \u2014 PRINTIMA<\/title>\n<meta name=\"description\" content=\"Zobacz zasady realizowania zwrot\u00f3w i reklamacji dla artyku\u0142\u00f3w zakupionych w naszym sklepie internetowym. Pobierz gotowe formularze.\" \/>\n<meta name=\"robots\" content=\"index, follow, max-snippet:-1, max-image-preview:large, max-video-preview:-1\" \/>\n<link rel=\"canonical\" href=\"https:\/\/printima.eu\/pl\/zwroty-i-reklamacje\/\" \/>\n<meta property=\"og:locale\" content=\"pl_PL\" \/>\n<meta property=\"og:type\" content=\"article\" \/>\n<meta property=\"og:title\" content=\"Zwroty i reklamacje \u2014 PRINTIMA\" \/>\n<meta property=\"og:description\" content=\"Zobacz zasady realizowania zwrot\u00f3w i reklamacji dla artyku\u0142\u00f3w zakupionych w naszym sklepie internetowym. Pobierz gotowe formularze.\" \/>\n<meta property=\"og:url\" content=\"https:\/\/printima.eu\/pl\/zwroty-i-reklamacje\/\" \/>\n<meta property=\"og:site_name\" content=\"PRINTIMA\" \/>\n<meta property=\"article:publisher\" content=\"https:\/\/www.facebook.com\/printimapl\" \/>\n<meta property=\"article:modified_time\" content=\"2023-04-08T11:17:52+00:00\" \/>\n<meta property=\"og:image\" content=\"https:\/\/cdn.sela.to\/uploads\/sites\/3\/2023\/03\/PRINTIMA-website.png\" \/>\n\t<meta property=\"og:image:width\" content=\"1500\" \/>\n\t<meta property=\"og:image:height\" content=\"979\" \/>\n\t<meta property=\"og:image:type\" content=\"image\/png\" \/>\n<meta name=\"twitter:card\" content=\"summary_large_image\" \/>\n<meta name=\"twitter:label1\" content=\"Szacowany czas czytania\" \/>\n\t<meta name=\"twitter:data1\" content=\"1 minuta\" \/>\n<script type=\"application\/ld+json\" class=\"yoast-schema-graph\">{\"@context\":\"https:\/\/schema.org\",\"@graph\":[{\"@type\":\"WebPage\",\"@id\":\"https:\/\/printima.eu\/pl\/zwroty-i-reklamacje\/\",\"url\":\"https:\/\/printima.eu\/pl\/zwroty-i-reklamacje\/\",\"name\":\"Zwroty i reklamacje \u2014 PRINTIMA\",\"isPartOf\":{\"@id\":\"https:\/\/printima.eu\/pl\/#website\"},\"datePublished\":\"2023-03-08T18:35:57+00:00\",\"dateModified\":\"2023-04-08T11:17:52+00:00\",\"description\":\"Zobacz zasady realizowania zwrot\u00f3w i reklamacji dla artyku\u0142\u00f3w zakupionych w naszym sklepie internetowym. Pobierz gotowe formularze.\",\"breadcrumb\":{\"@id\":\"https:\/\/printima.eu\/pl\/zwroty-i-reklamacje\/#breadcrumb\"},\"inLanguage\":\"pl-PL\",\"potentialAction\":[{\"@type\":\"ReadAction\",\"target\":[\"https:\/\/printima.eu\/pl\/zwroty-i-reklamacje\/\"]}]},{\"@type\":\"BreadcrumbList\",\"@id\":\"https:\/\/printima.eu\/pl\/zwroty-i-reklamacje\/#breadcrumb\",\"itemListElement\":[{\"@type\":\"ListItem\",\"position\":1,\"name\":\"Strona g\u0142\u00f3wna\",\"item\":\"https:\/\/printima.eu\/pl\/\"},{\"@type\":\"ListItem\",\"position\":2,\"name\":\"Zwroty i reklamacje\"}]},{\"@type\":\"WebSite\",\"@id\":\"https:\/\/printima.eu\/pl\/#website\",\"url\":\"https:\/\/printima.eu\/pl\/\",\"name\":\"PRINTIMA\",\"description\":\"Let it shine!\",\"publisher\":{\"@id\":\"https:\/\/printima.eu\/pl\/#organization\"},\"potentialAction\":[{\"@type\":\"SearchAction\",\"target\":{\"@type\":\"EntryPoint\",\"urlTemplate\":\"https:\/\/printima.eu\/pl\/?s={search_term_string}\"},\"query-input\":\"required name=search_term_string\"}],\"inLanguage\":\"pl-PL\"},{\"@type\":\"Organization\",\"@id\":\"https:\/\/printima.eu\/pl\/#organization\",\"name\":\"PRINTIMA\",\"url\":\"https:\/\/printima.eu\/pl\/\",\"logo\":{\"@type\":\"ImageObject\",\"inLanguage\":\"pl-PL\",\"@id\":\"https:\/\/printima.eu\/pl\/#\/schema\/logo\/image\/\",\"url\":\"https:\/\/cdn.sela.to\/uploads\/sites\/3\/2023\/03\/Logo-Printima.png\",\"contentUrl\":\"https:\/\/cdn.sela.to\/uploads\/sites\/3\/2023\/03\/Logo-Printima.png\",\"width\":800,\"height\":221,\"caption\":\"PRINTIMA\"},\"image\":{\"@id\":\"https:\/\/printima.eu\/pl\/#\/schema\/logo\/image\/\"},\"sameAs\":[\"https:\/\/www.facebook.com\/printimapl\",\"https:\/\/www.instagram.com\/printima.pl\/\"]}]}<\/script>\n<!-- \/ Yoast SEO plugin. -->","yoast_head_json":{"title":"Zwroty i reklamacje \u2014 PRINTIMA","description":"Zobacz zasady realizowania zwrot\u00f3w i reklamacji dla artyku\u0142\u00f3w zakupionych w naszym sklepie internetowym. Pobierz gotowe formularze.","robots":{"index":"index","follow":"follow","max-snippet":"max-snippet:-1","max-image-preview":"max-image-preview:large","max-video-preview":"max-video-preview:-1"},"canonical":"https:\/\/printima.eu\/pl\/zwroty-i-reklamacje\/","og_locale":"pl_PL","og_type":"article","og_title":"Zwroty i reklamacje \u2014 PRINTIMA","og_description":"Zobacz zasady realizowania zwrot\u00f3w i reklamacji dla artyku\u0142\u00f3w zakupionych w naszym sklepie internetowym. Pobierz gotowe formularze.","og_url":"https:\/\/printima.eu\/pl\/zwroty-i-reklamacje\/","og_site_name":"PRINTIMA","article_publisher":"https:\/\/www.facebook.com\/printimapl","article_modified_time":"2023-04-08T11:17:52+00:00","og_image":[{"width":1500,"height":979,"url":"https:\/\/cdn.sela.to\/uploads\/sites\/3\/2023\/03\/PRINTIMA-website.png","type":"image\/png"}],"twitter_card":"summary_large_image","twitter_misc":{"Szacowany czas czytania":"1 minuta"},"schema":{"@context":"https:\/\/schema.org","@graph":[{"@type":"WebPage","@id":"https:\/\/printima.eu\/pl\/zwroty-i-reklamacje\/","url":"https:\/\/printima.eu\/pl\/zwroty-i-reklamacje\/","name":"Zwroty i reklamacje \u2014 PRINTIMA","isPartOf":{"@id":"https:\/\/printima.eu\/pl\/#website"},"datePublished":"2023-03-08T18:35:57+00:00","dateModified":"2023-04-08T11:17:52+00:00","description":"Zobacz zasady realizowania zwrot\u00f3w i reklamacji dla artyku\u0142\u00f3w zakupionych w naszym sklepie internetowym. Pobierz gotowe formularze.","breadcrumb":{"@id":"https:\/\/printima.eu\/pl\/zwroty-i-reklamacje\/#breadcrumb"},"inLanguage":"pl-PL","potentialAction":[{"@type":"ReadAction","target":["https:\/\/printima.eu\/pl\/zwroty-i-reklamacje\/"]}]},{"@type":"BreadcrumbList","@id":"https:\/\/printima.eu\/pl\/zwroty-i-reklamacje\/#breadcrumb","itemListElement":[{"@type":"ListItem","position":1,"name":"Strona g\u0142\u00f3wna","item":"https:\/\/printima.eu\/pl\/"},{"@type":"ListItem","position":2,"name":"Zwroty i reklamacje"}]},{"@type":"WebSite","@id":"https:\/\/printima.eu\/pl\/#website","url":"https:\/\/printima.eu\/pl\/","name":"PRINTIMA","description":"Let it shine!","publisher":{"@id":"https:\/\/printima.eu\/pl\/#organization"},"potentialAction":[{"@type":"SearchAction","target":{"@type":"EntryPoint","urlTemplate":"https:\/\/printima.eu\/pl\/?s={search_term_string}"},"query-input":"required name=search_term_string"}],"inLanguage":"pl-PL"},{"@type":"Organization","@id":"https:\/\/printima.eu\/pl\/#organization","name":"PRINTIMA","url":"https:\/\/printima.eu\/pl\/","logo":{"@type":"ImageObject","inLanguage":"pl-PL","@id":"https:\/\/printima.eu\/pl\/#\/schema\/logo\/image\/","url":"https:\/\/cdn.sela.to\/uploads\/sites\/3\/2023\/03\/Logo-Printima.png","contentUrl":"https:\/\/cdn.sela.to\/uploads\/sites\/3\/2023\/03\/Logo-Printima.png","width":800,"height":221,"caption":"PRINTIMA"},"image":{"@id":"https:\/\/printima.eu\/pl\/#\/schema\/logo\/image\/"},"sameAs":["https:\/\/www.facebook.com\/printimapl","https:\/\/www.instagram.com\/printima.pl\/"]}]}},"_links":{"self":[{"href":"https:\/\/printima.eu\/pl\/wp-json\/wp\/v2\/pages\/3525"}],"collection":[{"href":"https:\/\/printima.eu\/pl\/wp-json\/wp\/v2\/pages"}],"about":[{"href":"https:\/\/printima.eu\/pl\/wp-json\/wp\/v2\/types\/page"}],"author":[{"embeddable":true,"href":"https:\/\/printima.eu\/pl\/wp-json\/wp\/v2\/users\/1"}],"replies":[{"embeddable":true,"href":"https:\/\/printima.eu\/pl\/wp-json\/wp\/v2\/comments?post=3525"}],"version-history":[{"count":0,"href":"https:\/\/printima.eu\/pl\/wp-json\/wp\/v2\/pages\/3525\/revisions"}],"wp:attachment":[{"href":"https:\/\/printima.eu\/pl\/wp-json\/wp\/v2\/media?parent=3525"}],"curies":[{"name":"wp","href":"https:\/\/api.w.org\/{rel}","templated":true}]}}