{"id":3524,"date":"2023-03-08T18:48:18","date_gmt":"2023-03-08T17:48:18","guid":{"rendered":"https:\/\/printima.eu\/?page_id=3524"},"modified":"2023-04-08T13:16:12","modified_gmt":"2023-04-08T11:16:12","slug":"dostawa-i-platnosc","status":"publish","type":"page","link":"https:\/\/printima.eu\/pl\/dostawa-i-platnosc\/","title":{"rendered":"Dostawa i p\u0142atno\u015b\u0107"},"content":{"rendered":"\n<p>Poni\u017cej znajdziesz podstawowe informacje na temat form p\u0142atno\u015bci obs\u0142ugiwanych w sklepie internetowym <strong>PRINTIMA<\/strong> oraz firm kurierskich (i ich metod dostawy), kt\u00f3rymi realizujemy wysy\u0142k\u0119.<\/p>\n\n\n\n<h2 class=\"wp-block-heading\">Informacje og\u00f3lne<\/h2>\n\n\n\n<ul>\n<li>Towar wysy\u0142amy w <strong>24h<\/strong> w dni robocze (liczone od momentu otrzymania wp\u0142aty).<\/li>\n\n\n\n<li>Czas dostawy liczony jest od momentu wysy\u0142ki towaru.<\/li>\n\n\n\n<li>O wysy\u0142ce poinformujemy Ci\u0119 drog\u0105 mailow\u0105. Otrzymasz w wiadomo\u015bci od nas numer przewozowy a tak\u017ce link do \u015bledzenia przesy\u0142ki<\/li>\n\n\n\n<li>Koszt wysy\u0142ki w naszym sklepie nie jest uzale\u017cniony od ilo\u015bci zakupionych przedmiot\u00f3w. Zawsze naliczamy ten sam koszt wysy\u0142ki (zale\u017cny od wybranej metody dostawy i sposobu p\u0142atno\u015bci).<\/li>\n<\/ul>\n\n\n\n<h2 class=\"wp-block-heading\">Cennik dostawy<\/h2>\n\n\n\n<p>W sklepie <strong>PRINTIMA<\/strong> oferujemy r\u00f3\u017cne metody wysy\u0142ki (zar\u00f3wno z dostaw\u0105 bezpo\u015brednio do domu, a tak\u017ce do punkt\u00f3w), tak aby\u015b m\u00f3g\u0142 wygodnie odebra\u0107 swoj\u0105 przesy\u0142k\u0119. Sprawd\u017a firmy przewozowe, kt\u00f3re wybrali\u015bmy do dostarczania naszych przesy\u0142ek w tabeli poni\u017cej.<\/p>\n\n\n<div style=\"padding: 0 0 20px 0;\">Dostawa do <select style=\"margin-left: 10px; padding: 4px 40px 4px 12px !important; height: 40px;\" id=\"countrySwitcher\"><option value=\"PL\" selected>Polska<\/option><option value=\"DE\" >Niemcy<\/option><option value=\"AT\" >Austria<\/option><option value=\"CZ\" >Republika Czeska<\/option><option value=\"SK\" >S\u0142owacja<\/option><\/select><\/div>\n    <!-- wp:table -->\n        <figure id=\"shipping-PL\" class=\"wp-block-table table-responsive table-compact shipping_container\" style=\"\">\n            <table>\n                <thead>\n                    <tr>\n                        <th>Kurier<\/th>\n                        <th>Metoda dostawy<\/th>\n                        <th>Czas transportu<\/th>\n                        <th>Koszt<\/th>\n                    <\/tr>\n                <\/thead>\n                <tbody>\n                    <tr>\n                        <td class=\"has-text-align-center\">\n                            <img src=\"https:\/\/cdn.sela.to\/plugins\/selato\/assets\/img\/companies\/inpost.png\" \/>\n                        <\/td>\n                        <td><strong>InPost Paczkomat 24\/7<\/strong><\/td>\n                        <td>1 dzie\u0144 roboczy<\/td>\n                        <td>11,99 PLN<\/td>\n                    <\/tr>\n                    <tr>\n                        <td class=\"has-text-align-center\">\n                            <img src=\"https:\/\/cdn.sela.to\/plugins\/selato\/assets\/img\/companies\/inpost.png\" \/>\n                        <\/td>\n                        <td><strong>InPost Kurier<\/strong><\/td>\n                        <td>1 dzie\u0144 roboczy<\/td>\n                        <td>12,99 PLN<\/td>\n                    <\/tr>\n                    <tr>\n                        <td class=\"has-text-align-center\">\n                            <img src=\"https:\/\/cdn.sela.to\/plugins\/selato\/assets\/img\/companies\/dpd.png\" \/>\n                        <\/td>\n                        <td><strong>Kurier DPD<\/strong><\/td>\n                        <td>1 dzie\u0144 roboczy<\/td>\n                        <td>13,99 PLN<\/td>\n                    <\/tr>\n                    <tr>\n                        <td class=\"has-text-align-center\">\n                            <img src=\"https:\/\/cdn.sela.to\/plugins\/selato\/assets\/img\/companies\/gls.png\" \/>\n                        <\/td>\n                        <td><strong>Kurier GLS<\/strong><\/td>\n                        <td>1 dzie\u0144 roboczy<\/td>\n                        <td>13,99 PLN<\/td>\n                    <\/tr>\n                    <tr>\n                        <td class=\"has-text-align-center\">\n                            <img src=\"https:\/\/cdn.sela.to\/plugins\/selato\/assets\/img\/companies\/pp.png\" \/>\n                        <\/td>\n                        <td><strong>Kurier Pocztex<\/strong><\/td>\n                        <td>1 dzie\u0144 roboczy<\/td>\n                        <td>13,99 PLN<\/td>\n                    <\/tr>\n                    <tr>\n                        <td class=\"has-text-align-center\">\n                            <img src=\"https:\/\/cdn.sela.to\/plugins\/selato\/assets\/img\/companies\/dhl_logo.png\" \/>\n                        <\/td>\n                        <td><strong>Kurier DHL<\/strong><\/td>\n                        <td>1 dzie\u0144 roboczy<\/td>\n                        <td>14,99 PLN<\/td>\n                    <\/tr><\/tbody><\/table><\/figure><!-- \/wp:table -->\n    <!-- wp:table -->\n        <figure id=\"shipping-DE\" class=\"wp-block-table table-responsive table-compact shipping_container\" style=\"display: none;\">\n            <table>\n                <thead>\n                    <tr>\n                        <th>Kurier<\/th>\n                        <th>Metoda dostawy<\/th>\n                        <th>Czas transportu<\/th>\n                        <th>Koszt<\/th>\n                    <\/tr>\n                <\/thead>\n                <tbody>\n                    <tr>\n                        <td class=\"has-text-align-center\">\n                            <img src=\"https:\/\/cdn.sela.to\/plugins\/selato\/assets\/img\/companies\/dpd.png\" \/>\n                        <\/td>\n                        <td><strong>Kurier DPD<\/strong><\/td>\n                        <td>2 dni robocze<\/td>\n                        <td>24,99 PLN<\/td>\n                    <\/tr>\n                    <tr>\n                        <td class=\"has-text-align-center\">\n                            <img src=\"https:\/\/cdn.sela.to\/plugins\/selato\/assets\/img\/companies\/dhl_logo.png\" \/>\n                        <\/td>\n                        <td><strong>Kurier DHL<\/strong><\/td>\n                        <td>2 dni robocze<\/td>\n                        <td>24,99 PLN<\/td>\n                    <\/tr><\/tbody><\/table><\/figure><!-- \/wp:table -->\n    <!-- wp:table -->\n        <figure id=\"shipping-AT\" class=\"wp-block-table table-responsive table-compact shipping_container\" style=\"display: none;\">\n            <table>\n                <thead>\n                    <tr>\n                        <th>Kurier<\/th>\n                        <th>Metoda dostawy<\/th>\n                        <th>Czas transportu<\/th>\n                        <th>Koszt<\/th>\n                    <\/tr>\n                <\/thead>\n                <tbody>\n                    <tr>\n                        <td class=\"has-text-align-center\">\n                            <img src=\"https:\/\/cdn.sela.to\/plugins\/selato\/assets\/img\/companies\/dpd.png\" \/>\n                        <\/td>\n                        <td><strong>Kurier DPD<\/strong><\/td>\n                        <td>2 dni robocze<\/td>\n                        <td>24,99 PLN<\/td>\n                    <\/tr>\n                    <tr>\n                        <td class=\"has-text-align-center\">\n                            <img src=\"https:\/\/cdn.sela.to\/plugins\/selato\/assets\/img\/companies\/dhl_logo.png\" \/>\n                        <\/td>\n                        <td><strong>Kurier DHL<\/strong><\/td>\n                        <td>2 dni robocze<\/td>\n                        <td>24,99 PLN<\/td>\n                    <\/tr><\/tbody><\/table><\/figure><!-- \/wp:table -->\n    <!-- wp:table -->\n        <figure id=\"shipping-CZ\" class=\"wp-block-table table-responsive table-compact shipping_container\" style=\"display: none;\">\n            <table>\n                <thead>\n                    <tr>\n                        <th>Kurier<\/th>\n                        <th>Metoda dostawy<\/th>\n                        <th>Czas transportu<\/th>\n                        <th>Koszt<\/th>\n                    <\/tr>\n                <\/thead>\n                <tbody>\n                    <tr>\n                        <td class=\"has-text-align-center\">\n                            <img src=\"https:\/\/cdn.sela.to\/plugins\/selato\/assets\/img\/companies\/dpd.png\" \/>\n                        <\/td>\n                        <td><strong>Kurier DPD<\/strong><\/td>\n                        <td>2 dni robocze<\/td>\n                        <td>29,99 PLN<\/td>\n                    <\/tr><\/tbody><\/table><\/figure><!-- \/wp:table -->\n    <!-- wp:table -->\n        <figure id=\"shipping-SK\" class=\"wp-block-table table-responsive table-compact shipping_container\" style=\"display: none;\">\n            <table>\n                <thead>\n                    <tr>\n                        <th>Kurier<\/th>\n                        <th>Metoda dostawy<\/th>\n                        <th>Czas transportu<\/th>\n                        <th>Koszt<\/th>\n                    <\/tr>\n                <\/thead>\n                <tbody>\n                    <tr>\n                        <td class=\"has-text-align-center\">\n                            <img src=\"https:\/\/cdn.sela.to\/plugins\/selato\/assets\/img\/companies\/dpd.png\" \/>\n                        <\/td>\n                        <td><strong>Kurier DPD<\/strong><\/td>\n                        <td>2 dni robocze<\/td>\n                        <td>29,99 PLN<\/td>\n                    <\/tr><\/tbody><\/table><\/figure><!-- \/wp:table -->\n\n\n\n<h2 class=\"wp-block-heading\">Metody p\u0142atno\u015bci<\/h2>\n\n\n\n<p>W <strong>PRINTIMA<\/strong> dobrze wiemy, \u017ce ka\u017cdy ma swoje preferencje dotycz\u0105ce p\u0142atno\u015bci za zakupy w internecie. Dlatego oferujemy Ci r\u00f3\u017cne sposoby op\u0142acenia swoje zam\u00f3wienia. W tabeli poni\u017cej mo\u017cesz sprawdzi\u0107 zalety ka\u017cdej z ww. metod p\u0142atno\u015bci.<\/p>\n\n\n\n<!-- wp:table -->\n    <figure class=\"wp-block-table table-responsive \">\n        <table>\n            <thead>\n                <tr>\n                    <th style=\"width:25%\">Metoda p\u0142atno\u015bci<\/th>\n                    <th style=\"width:75%\">Opis<\/th>\n                <\/tr>\n            <\/thead>\n            <tbody>\n                <tr>\n                    <td class=\"has-text-align-center\">\n                        <div>\n                            <img class=\"\" src=\"https:\/\/cdn.sela.to\/plugins\/selato\/assets\/img\/companies\/payu.png\" \/>\n                        <\/div>\n                        <strong>PayU<\/strong>\n                    <\/td>\n                    <td>PayU to najwi\u0119kszy polski po\u015brednik p\u0142atno\u015bci on-line. Dzi\u0119ki PayU mo\u017cesz dokona\u0107 natychmiastowego przelewu za pomoc\u0105 swojej bankowo\u015bci internetowej a tak\u017ce karty p\u0142atniczej. Procesuj\u0105c p\u0142atno\u015bci za pomoc\u0105 PayU masz pewno\u015b\u0107 natychmiastowej realizacji zam\u00f3wienia.<\/td>\n                <\/tr>\n                <tr>\n                    <td class=\"has-text-align-center\">\n                        <div>\n                            <img class=\"\" src=\"https:\/\/cdn.sela.to\/plugins\/selato\/assets\/img\/companies\/blik.png\" \/>\n                        <\/div>\n                        <strong>Blik<\/strong>\n                    <\/td>\n                    <td>Blik to system p\u0142atno\u015bci mobilnych uruchomiony 9 lutego 2015. Dzi\u0119ki swojej prostocie zap\u0142acisz za swoje zam\u00f3wienie za pomoc\u0105 kilku klikni\u0119\u0107 w ekran smartfona.<\/td>\n                <\/tr>\n                <tr>\n                    <td class=\"has-text-align-center\">\n                        <div>\n                            <img class=\"\" src=\"https:\/\/cdn.sela.to\/plugins\/selato\/assets\/img\/companies\/alior_bank.png\" \/>\n                        <\/div>\n                        <strong>Przelew tradycyjny<\/strong>\n                    <\/td>\n                    <td>Je\u015bli decydujesz si\u0119 na p\u0142atno\u015b\u0107 przelewem tradycyjnym, pami\u0119taj, \u017ce przelew mo\u017ce zosta\u0107 zaksi\u0119gowany dopiero nast\u0119pnego dnia roboczego. Poni\u017cej znajdziesz dane do przelewu:<br \/>\r\n54 2490 0005 0000 4600 2392 7026<br \/>\r\nPRINTIMA, \u015aw. Leonarda 69\/70, 32-700 Bochnia<\/td>\n                <\/tr><\/tbody>\n        <\/table>\n    <\/figure>\n<!-- \/wp:table -->\n","protected":false},"excerpt":{"rendered":"<p>Poni\u017cej znajdziesz podstawowe informacje na temat form p\u0142atno\u015bci obs\u0142ugiwanych w sklepie internetowym oraz firm kurierskich (i ich metod dostawy), kt\u00f3rymi realizujemy wysy\u0142k\u0119. Informacje og\u00f3lne Cennik dostawy W sklepie oferujemy r\u00f3\u017cne metody wysy\u0142ki (zar\u00f3wno z dostaw\u0105 bezpo\u015brednio do domu, a tak\u017ce do punkt\u00f3w), tak aby\u015b m\u00f3g\u0142 wygodnie odebra\u0107 swoj\u0105 przesy\u0142k\u0119. Sprawd\u017a&hellip;<\/p>\n","protected":false},"author":1,"featured_media":0,"parent":0,"menu_order":0,"comment_status":"closed","ping_status":"closed","template":"page-static.php","meta":[],"acf":[],"yoast_head":"<!-- This site is optimized with the Yoast SEO plugin v20.4 - https:\/\/yoast.com\/wordpress\/plugins\/seo\/ -->\n<title>Dostawa i p\u0142atno\u015b\u0107 \u2014 PRINTIMA<\/title>\n<meta name=\"description\" content=\"Sprawd\u017a z jakimi firmami przewozowymi wsp\u00f3\u0142pracujemy a tak\u017ce jakie metody p\u0142atno\u015bci oferujemy w naszym sklepie internetowym.\" \/>\n<meta name=\"robots\" content=\"index, follow, max-snippet:-1, max-image-preview:large, max-video-preview:-1\" \/>\n<link rel=\"canonical\" href=\"https:\/\/printima.eu\/pl\/dostawa-i-platnosc\/\" \/>\n<meta property=\"og:locale\" content=\"pl_PL\" \/>\n<meta property=\"og:type\" content=\"article\" \/>\n<meta property=\"og:title\" content=\"Dostawa i p\u0142atno\u015b\u0107 \u2014 PRINTIMA\" \/>\n<meta property=\"og:description\" content=\"Sprawd\u017a z jakimi firmami przewozowymi wsp\u00f3\u0142pracujemy a tak\u017ce jakie metody p\u0142atno\u015bci oferujemy w naszym sklepie internetowym.\" \/>\n<meta property=\"og:url\" content=\"https:\/\/printima.eu\/pl\/dostawa-i-platnosc\/\" \/>\n<meta property=\"og:site_name\" content=\"PRINTIMA\" \/>\n<meta property=\"article:publisher\" content=\"https:\/\/www.facebook.com\/printimapl\" \/>\n<meta property=\"article:modified_time\" content=\"2023-04-08T11:16:12+00:00\" \/>\n<meta property=\"og:image\" content=\"https:\/\/cdn.sela.to\/uploads\/sites\/3\/2023\/03\/PRINTIMA-website.png\" \/>\n\t<meta property=\"og:image:width\" content=\"1500\" \/>\n\t<meta property=\"og:image:height\" content=\"979\" \/>\n\t<meta property=\"og:image:type\" content=\"image\/png\" \/>\n<meta name=\"twitter:card\" content=\"summary_large_image\" \/>\n<meta name=\"twitter:label1\" content=\"Szacowany czas czytania\" \/>\n\t<meta name=\"twitter:data1\" content=\"1 minuta\" \/>\n<script type=\"application\/ld+json\" class=\"yoast-schema-graph\">{\"@context\":\"https:\/\/schema.org\",\"@graph\":[{\"@type\":\"WebPage\",\"@id\":\"https:\/\/printima.eu\/pl\/dostawa-i-platnosc\/\",\"url\":\"https:\/\/printima.eu\/pl\/dostawa-i-platnosc\/\",\"name\":\"Dostawa i p\u0142atno\u015b\u0107 \u2014 PRINTIMA\",\"isPartOf\":{\"@id\":\"https:\/\/printima.eu\/pl\/#website\"},\"datePublished\":\"2023-03-08T17:48:18+00:00\",\"dateModified\":\"2023-04-08T11:16:12+00:00\",\"description\":\"Sprawd\u017a z jakimi firmami przewozowymi wsp\u00f3\u0142pracujemy a tak\u017ce jakie metody p\u0142atno\u015bci oferujemy w naszym sklepie internetowym.\",\"breadcrumb\":{\"@id\":\"https:\/\/printima.eu\/pl\/dostawa-i-platnosc\/#breadcrumb\"},\"inLanguage\":\"pl-PL\",\"potentialAction\":[{\"@type\":\"ReadAction\",\"target\":[\"https:\/\/printima.eu\/pl\/dostawa-i-platnosc\/\"]}]},{\"@type\":\"BreadcrumbList\",\"@id\":\"https:\/\/printima.eu\/pl\/dostawa-i-platnosc\/#breadcrumb\",\"itemListElement\":[{\"@type\":\"ListItem\",\"position\":1,\"name\":\"Strona g\u0142\u00f3wna\",\"item\":\"https:\/\/printima.eu\/pl\/\"},{\"@type\":\"ListItem\",\"position\":2,\"name\":\"Dostawa i p\u0142atno\u015b\u0107\"}]},{\"@type\":\"WebSite\",\"@id\":\"https:\/\/printima.eu\/pl\/#website\",\"url\":\"https:\/\/printima.eu\/pl\/\",\"name\":\"PRINTIMA\",\"description\":\"Let it shine!\",\"publisher\":{\"@id\":\"https:\/\/printima.eu\/pl\/#organization\"},\"potentialAction\":[{\"@type\":\"SearchAction\",\"target\":{\"@type\":\"EntryPoint\",\"urlTemplate\":\"https:\/\/printima.eu\/pl\/?s={search_term_string}\"},\"query-input\":\"required name=search_term_string\"}],\"inLanguage\":\"pl-PL\"},{\"@type\":\"Organization\",\"@id\":\"https:\/\/printima.eu\/pl\/#organization\",\"name\":\"PRINTIMA\",\"url\":\"https:\/\/printima.eu\/pl\/\",\"logo\":{\"@type\":\"ImageObject\",\"inLanguage\":\"pl-PL\",\"@id\":\"https:\/\/printima.eu\/pl\/#\/schema\/logo\/image\/\",\"url\":\"https:\/\/cdn.sela.to\/uploads\/sites\/3\/2023\/03\/Logo-Printima.png\",\"contentUrl\":\"https:\/\/cdn.sela.to\/uploads\/sites\/3\/2023\/03\/Logo-Printima.png\",\"width\":800,\"height\":221,\"caption\":\"PRINTIMA\"},\"image\":{\"@id\":\"https:\/\/printima.eu\/pl\/#\/schema\/logo\/image\/\"},\"sameAs\":[\"https:\/\/www.facebook.com\/printimapl\",\"https:\/\/www.instagram.com\/printima.pl\/\"]}]}<\/script>\n<!-- \/ Yoast SEO plugin. -->","yoast_head_json":{"title":"Dostawa i p\u0142atno\u015b\u0107 \u2014 PRINTIMA","description":"Sprawd\u017a z jakimi firmami przewozowymi wsp\u00f3\u0142pracujemy a tak\u017ce jakie metody p\u0142atno\u015bci oferujemy w naszym sklepie internetowym.","robots":{"index":"index","follow":"follow","max-snippet":"max-snippet:-1","max-image-preview":"max-image-preview:large","max-video-preview":"max-video-preview:-1"},"canonical":"https:\/\/printima.eu\/pl\/dostawa-i-platnosc\/","og_locale":"pl_PL","og_type":"article","og_title":"Dostawa i p\u0142atno\u015b\u0107 \u2014 PRINTIMA","og_description":"Sprawd\u017a z jakimi firmami przewozowymi wsp\u00f3\u0142pracujemy a tak\u017ce jakie metody p\u0142atno\u015bci oferujemy w naszym sklepie internetowym.","og_url":"https:\/\/printima.eu\/pl\/dostawa-i-platnosc\/","og_site_name":"PRINTIMA","article_publisher":"https:\/\/www.facebook.com\/printimapl","article_modified_time":"2023-04-08T11:16:12+00:00","og_image":[{"width":1500,"height":979,"url":"https:\/\/cdn.sela.to\/uploads\/sites\/3\/2023\/03\/PRINTIMA-website.png","type":"image\/png"}],"twitter_card":"summary_large_image","twitter_misc":{"Szacowany czas czytania":"1 minuta"},"schema":{"@context":"https:\/\/schema.org","@graph":[{"@type":"WebPage","@id":"https:\/\/printima.eu\/pl\/dostawa-i-platnosc\/","url":"https:\/\/printima.eu\/pl\/dostawa-i-platnosc\/","name":"Dostawa i p\u0142atno\u015b\u0107 \u2014 PRINTIMA","isPartOf":{"@id":"https:\/\/printima.eu\/pl\/#website"},"datePublished":"2023-03-08T17:48:18+00:00","dateModified":"2023-04-08T11:16:12+00:00","description":"Sprawd\u017a z jakimi firmami przewozowymi wsp\u00f3\u0142pracujemy a tak\u017ce jakie metody p\u0142atno\u015bci oferujemy w naszym sklepie internetowym.","breadcrumb":{"@id":"https:\/\/printima.eu\/pl\/dostawa-i-platnosc\/#breadcrumb"},"inLanguage":"pl-PL","potentialAction":[{"@type":"ReadAction","target":["https:\/\/printima.eu\/pl\/dostawa-i-platnosc\/"]}]},{"@type":"BreadcrumbList","@id":"https:\/\/printima.eu\/pl\/dostawa-i-platnosc\/#breadcrumb","itemListElement":[{"@type":"ListItem","position":1,"name":"Strona g\u0142\u00f3wna","item":"https:\/\/printima.eu\/pl\/"},{"@type":"ListItem","position":2,"name":"Dostawa i p\u0142atno\u015b\u0107"}]},{"@type":"WebSite","@id":"https:\/\/printima.eu\/pl\/#website","url":"https:\/\/printima.eu\/pl\/","name":"PRINTIMA","description":"Let it shine!","publisher":{"@id":"https:\/\/printima.eu\/pl\/#organization"},"potentialAction":[{"@type":"SearchAction","target":{"@type":"EntryPoint","urlTemplate":"https:\/\/printima.eu\/pl\/?s={search_term_string}"},"query-input":"required name=search_term_string"}],"inLanguage":"pl-PL"},{"@type":"Organization","@id":"https:\/\/printima.eu\/pl\/#organization","name":"PRINTIMA","url":"https:\/\/printima.eu\/pl\/","logo":{"@type":"ImageObject","inLanguage":"pl-PL","@id":"https:\/\/printima.eu\/pl\/#\/schema\/logo\/image\/","url":"https:\/\/cdn.sela.to\/uploads\/sites\/3\/2023\/03\/Logo-Printima.png","contentUrl":"https:\/\/cdn.sela.to\/uploads\/sites\/3\/2023\/03\/Logo-Printima.png","width":800,"height":221,"caption":"PRINTIMA"},"image":{"@id":"https:\/\/printima.eu\/pl\/#\/schema\/logo\/image\/"},"sameAs":["https:\/\/www.facebook.com\/printimapl","https:\/\/www.instagram.com\/printima.pl\/"]}]}},"_links":{"self":[{"href":"https:\/\/printima.eu\/pl\/wp-json\/wp\/v2\/pages\/3524"}],"collection":[{"href":"https:\/\/printima.eu\/pl\/wp-json\/wp\/v2\/pages"}],"about":[{"href":"https:\/\/printima.eu\/pl\/wp-json\/wp\/v2\/types\/page"}],"author":[{"embeddable":true,"href":"https:\/\/printima.eu\/pl\/wp-json\/wp\/v2\/users\/1"}],"replies":[{"embeddable":true,"href":"https:\/\/printima.eu\/pl\/wp-json\/wp\/v2\/comments?post=3524"}],"version-history":[{"count":0,"href":"https:\/\/printima.eu\/pl\/wp-json\/wp\/v2\/pages\/3524\/revisions"}],"wp:attachment":[{"href":"https:\/\/printima.eu\/pl\/wp-json\/wp\/v2\/media?parent=3524"}],"curies":[{"name":"wp","href":"https:\/\/api.w.org\/{rel}","templated":true}]}}