{"id":3305,"date":"2020-01-17T18:13:38","date_gmt":"2020-01-17T18:13:38","guid":{"rendered":"https:\/\/goya.everthemes.com\/demo-basic\/?page_id=3305"},"modified":"2023-04-08T09:56:43","modified_gmt":"2023-04-08T07:56:43","slug":"o-nas","status":"publish","type":"page","link":"https:\/\/printima.eu\/pl\/o-nas\/","title":{"rendered":"O nas"},"content":{"rendered":"\n<h2 class=\"wp-block-heading\">Marka PRINTIMA<\/h2>\n\n\n\n<p>To odpowied\u017a na oczekiwania os\u00f3b, kt\u00f3re potrzebuj\u0105 designerskich oznakowa\u0144 swoich budynk\u00f3w. Projektujemy nieszablonowe kasetony, tabliczki adresowe i skrzynki na listy, kt\u00f3re sprawiaj\u0105, \u017ce domy naszych klient\u00f3w nabieraj\u0105 nowego blasku. W naszym zak\u0142adzie ka\u017cdego dnia projektujemy nowe rozwi\u0105zania, kt\u00f3re wychodz\u0105 naprzeciw oczekiwaniom klient\u00f3w z ca\u0142ego \u015bwiata. Sprawd\u017a zatem, co nas wyr\u00f3\u017cnia.<\/p>\n\n\n\n<div style=\"height:60px\" aria-hidden=\"true\" class=\"wp-block-spacer\"><\/div>\n\n\n\n<div class=\"wp-block-columns is-layout-flex wp-container-3\">\n<div class=\"wp-block-column is-layout-flow\" style=\"flex-basis:33.33%\"><div class=\"wp-block-image\">\n<figure class=\"aligncenter size-full is-resized\"><img decoding=\"async\" loading=\"lazy\" src=\"https:\/\/cdn.sela.to\/uploads\/sites\/3\/2023\/03\/original-design.svg\" alt=\"\" class=\"wp-image-6467\" width=\"150\" height=\"150\"\/><\/figure><\/div><\/div>\n\n\n\n<div class=\"wp-block-column is-layout-flow\" style=\"flex-basis:66.66%\">\n<p><strong>Autorski design<\/strong><br>Nasz dzia\u0142 projektowy ka\u017cdego dnia pracuje nad ulepszaniem produkt\u00f3w, kt\u00f3re oferujemy. Projekty wyr\u00f3\u017cnia nieszablonowy design, z kt\u00f3rego jeste\u015bmy dumni. Ka\u017cdego dnia pod\u0105\u017camy za \u015bwiatowymi trendami w projektowaniu po to, by domy naszych klient\u00f3w wygl\u0105da\u0142y jeszcze lepiej!<\/p>\n<\/div>\n<\/div>\n\n\n\n<div class=\"wp-block-columns is-layout-flex wp-container-6\">\n<div class=\"wp-block-column is-layout-flow\" style=\"flex-basis:33.33%\"><div class=\"wp-block-image\">\n<figure class=\"aligncenter size-full is-resized\"><img decoding=\"async\" loading=\"lazy\" src=\"https:\/\/cdn.sela.to\/uploads\/sites\/3\/2023\/03\/instant-shipping.svg\" alt=\"\" class=\"wp-image-6471\" width=\"150\" height=\"150\"\/><\/figure><\/div><\/div>\n\n\n\n<div class=\"wp-block-column is-layout-flow\" style=\"flex-basis:66.66%\">\n<p><strong>B\u0142yskawiczna realizacja<\/strong><br>Doskonale wiemy, \u017ce nasi klienci nie mog\u0105 si\u0119 doczeka\u0107 tego, \u017ceby ich domy zdobi\u0142y nasze produkty, dlatego nieustannie usprawniamy procesy produkcyjne, tak \u017ceby trwa\u0142y jak najkr\u00f3cej. Wi\u0119kszo\u015b\u0107 realizacji wykonujemy tego samego dnia, w kt\u00f3rym zosta\u0142y zam\u00f3wione!<\/p>\n<\/div>\n<\/div>\n\n\n\n<div class=\"wp-block-columns is-layout-flex wp-container-9\">\n<div class=\"wp-block-column is-layout-flow\" style=\"flex-basis:33.33%\"><div class=\"wp-block-image\">\n<figure class=\"aligncenter size-full is-resized\"><img decoding=\"async\" loading=\"lazy\" src=\"https:\/\/cdn.sela.to\/uploads\/sites\/3\/2023\/03\/modular.svg\" alt=\"\" class=\"wp-image-6157\" width=\"150\" height=\"150\"\/><\/figure><\/div><\/div>\n\n\n\n<div class=\"wp-block-column is-layout-flow\" style=\"flex-basis:66.66%\">\n<p><strong>Gotowe modu\u0142y<\/strong><br>Produkty, kt\u00f3re personalizujemy na \u017cyczenie klienta, to tylko cz\u0119\u015b\u0107 naszej szerokiej oferty. W katalogu marki PRINTIMA znajdziesz te\u017c gotowe modu\u0142owe produkty, kt\u00f3re mo\u017cesz samodzielnie sk\u0142ada\u0107 tak, aby osi\u0105gn\u0105\u0107 zamierzony efekt.<\/p>\n<\/div>\n<\/div>\n\n\n\n<div style=\"height:50px\" aria-hidden=\"true\" class=\"wp-block-spacer\"><\/div>\n\n\n\n<h2 class=\"wp-block-heading\">Nasze technologie<\/h2>\n\n\n\n<p>W naszym zak\u0142adzie produkcyjnym wykorzystujemy tylko i wy\u0142\u0105cznie sprawdzone technologie, kt\u00f3rych jeste\u015bmy w 100% pewni. Dobrze wiemy, \u017ce nasze produkty znajduj\u0105 przede wszystkim zastosowanie na zewn\u0105trz budynku, dlatego nie mo\u017cemy bazowa\u0107 na p\u00f3\u0142\u015brodkach. Stosujemy tylko te technologie, kt\u00f3re sprawdzaj\u0105 si\u0119 nawet przy skrajnych warunkach atmosferycznych.<\/p>\n\n\n\n<div class=\"wp-block-columns is-layout-flex wp-container-12\">\n<div class=\"wp-block-column is-layout-flow\" style=\"flex-basis:33.33%\"><div class=\"wp-block-image\">\n<figure class=\"aligncenter size-full is-resized\"><img decoding=\"async\" loading=\"lazy\" src=\"https:\/\/cdn.sela.to\/uploads\/sites\/3\/2023\/03\/UV-print.svg\" alt=\"\" class=\"wp-image-3988\" width=\"150\" height=\"150\"\/><\/figure><\/div><\/div>\n\n\n\n<div class=\"wp-block-column is-layout-flow\" style=\"flex-basis:66.66%\">\n<p><strong>Technologia druk UV<\/strong><br>Oznacza to, \u017ce nie musisz si\u0119 martwi\u0107 o skraje warunki atmosferyczne. Mro\u017ana zima, czy upalne lato nie zagra\u017ca drukowi naniesionemu na wykonywanych przez nas artyku\u0142ach. \u017bywe kolory i brak odbarwie\u0144 to pozosta\u0142e zalety druku UV. Pami\u0119taj te\u017c, \u017ce druk UV nie uwalnia rozpuszczalnik\u00f3w do powietrza.<\/p>\n<\/div>\n<\/div>\n\n\n\n<div class=\"wp-block-columns is-layout-flex wp-container-15\">\n<div class=\"wp-block-column is-layout-flow\" style=\"flex-basis:33.33%\"><div class=\"wp-block-image\">\n<figure class=\"aligncenter size-full is-resized\"><img decoding=\"async\" loading=\"lazy\" src=\"https:\/\/cdn.sela.to\/uploads\/sites\/3\/2023\/04\/cnc-cutting-2.svg\" alt=\"\" class=\"wp-image-6657\" width=\"150\" height=\"150\"\/><\/figure><\/div><\/div>\n\n\n\n<div class=\"wp-block-column is-layout-flow\" style=\"flex-basis:66.66%\">\n<p><strong>Wycinanie w technologii CNC<\/strong><br>Precyzyjne wycinanie CNC pozwala odwzorowa\u0107 najdrobniejsze detale w materia\u0142ach, kt\u00f3re wykorzystujemy do produkcji. Materia\u0142, w kt\u00f3rym wykonujemy nacinanie to przede wszystkim p\u0142yta kompozytowa, co pozwala nam tworzy\u0107 produkty oryginalne a przy tym wytrzyma\u0142e i lekkie.<\/p>\n<\/div>\n<\/div>\n\n\n\n<div style=\"height:40px\" aria-hidden=\"true\" class=\"wp-block-spacer\"><\/div>\n\n\n\n<h2 class=\"wp-block-heading\">Nasze materia\u0142y<\/h2>\n\n\n\n<p>Kluczem do sukcesu w produkcji naszych artyku\u0142\u00f3w jest odpowiednie po\u0142\u0105czenie dedykowanych technologii produkcyjnych wraz z odpowiednimi surowcami. Na styku tych dw\u00f3ch obszar\u00f3w powstaj\u0105 oryginalne i nietypowe realizacje, kt\u00f3re spe\u0142niaj\u0105 oczekiwania najbardziej wymagaj\u0105cych klient\u00f3w na ca\u0142ym \u015bwiecie. Dobrze wiemy jak wa\u017cne jest odpowiednie i trwa\u0142e oznakowanie domu, dlatego zawsze wybieramy tylko najlepsze materia\u0142y!<\/p>\n\n\n\n<div class=\"wp-block-columns is-layout-flex wp-container-18\">\n<div class=\"wp-block-column is-layout-flow\" style=\"flex-basis:33.33%\"><div class=\"wp-block-image\">\n<figure class=\"aligncenter size-full is-resized\"><img decoding=\"async\" loading=\"lazy\" src=\"https:\/\/cdn.sela.to\/uploads\/sites\/3\/2023\/03\/dibond.svg\" alt=\"\" class=\"wp-image-3981\" width=\"150\" height=\"150\"\/><\/figure><\/div><\/div>\n\n\n\n<div class=\"wp-block-column is-layout-flow\" style=\"flex-basis:66.66%\">\n<p><strong>P\u0142yty kompozytowe<\/strong><br>To podstawowy surowiec do produkcji naszych artyku\u0142\u00f3w. Twarde i lekkie p\u0142yty kompozytowe typu &#8222;dibond&#8221;, to wyj\u0105tkowo plastyczny i wszechstronny materia\u0142. Wykorzystujemy do go produkcji: numer\u00f3w na dom, tabliczek adresowych a nawet kompletnych skrzynek na listy.<\/p>\n<\/div>\n<\/div>\n\n\n\n<div class=\"wp-block-columns is-layout-flex wp-container-21\">\n<div class=\"wp-block-column is-layout-flow\" style=\"flex-basis:33.33%\"><div class=\"wp-block-image\">\n<figure class=\"aligncenter size-full is-resized\"><img decoding=\"async\" loading=\"lazy\" src=\"https:\/\/cdn.sela.to\/uploads\/sites\/3\/2023\/03\/pcv.svg\" alt=\"\" class=\"wp-image-4304\" width=\"150\" height=\"150\"\/><\/figure><\/div><\/div>\n\n\n\n<div class=\"wp-block-column is-layout-flow\" style=\"flex-basis:66.66%\">\n<p><strong>Spienione PCV<\/strong><br>To drugi, zaraz obok p\u0142yt kompozytowych, surowiec kt\u00f3ry wykorzystujemy na codzie\u0144 w naszym zak\u0142adzie produkcyjnych. W przypadku produkt\u00f3w, kt\u00f3re maj\u0105 by\u0107 lekkie i elastyczne, to w\u0142a\u015bnie spienione PCV stanowi g\u0142\u00f3wny podstawowy sk\u0142adnik wykorzystywany podczas produkcji.<\/p>\n<\/div>\n<\/div>\n\n\n\n<div class=\"wp-block-columns is-layout-flex wp-container-24\">\n<div class=\"wp-block-column is-layout-flow\" style=\"flex-basis:33.33%\"><div class=\"wp-block-image\">\n<figure class=\"aligncenter size-full is-resized\"><img decoding=\"async\" loading=\"lazy\" src=\"https:\/\/cdn.sela.to\/uploads\/sites\/3\/2023\/03\/pleksi.svg\" alt=\"\" class=\"wp-image-5016\" width=\"150\" height=\"150\"\/><\/figure><\/div><\/div>\n\n\n\n<div class=\"wp-block-column is-layout-flow\" style=\"flex-basis:66.66%\">\n<p><strong>Szk\u0142o akrylowe<\/strong><br>Czyli dobrze wszystkim znane tworzywo sztuczne &#8222;pleksiglass&#8221;. Popularne PLEXI cz\u0119sto stosujemy w przypadku naszych autorskich tabliczek adresowych 3D, gdzie tekst nanosimy na przezroczystym froncie, tak aby ty\u0142 tabliczki adresowej by\u0142 nadal widoczny.<\/p>\n<\/div>\n<\/div>\n\n\n\n<div class=\"wp-block-columns is-layout-flex wp-container-27\">\n<div class=\"wp-block-column is-layout-flow\" style=\"flex-basis:33.33%\"><div class=\"wp-block-image\">\n<figure class=\"aligncenter size-full is-resized\"><img decoding=\"async\" loading=\"lazy\" src=\"https:\/\/cdn.sela.to\/uploads\/sites\/3\/2023\/03\/distance.svg\" alt=\"\" class=\"wp-image-5014\" width=\"150\" height=\"150\"\/><\/figure><\/div><\/div>\n\n\n\n<div class=\"wp-block-column is-layout-flow\" style=\"flex-basis:66.66%\">\n<p><strong>Dystanse monta\u017cowe<\/strong><br>To popularny element s\u0142u\u017c\u0105cy do \u0142\u0105czenia ze sob\u0105 r\u00f3\u017cnych p\u0142aszczyzn w naszych produktach. Dystanse monta\u017cowe to r\u00f3wnie\u017c typowy spos\u00f3b monta\u017cu naszych produkt\u00f3w do elewacji. Ze wzgl\u0119du na ciekawe walory estetyczne, stosujemy dystanse w modnych kolorach jak: srebrny, czarny oraz z\u0142oty.<\/p>\n<\/div>\n<\/div>\n\n\n\n<p><\/p>\n","protected":false},"excerpt":{"rendered":"<p>Marka PRINTIMA To odpowied\u017a na oczekiwania os\u00f3b, kt\u00f3re potrzebuj\u0105 designerskich oznakowa\u0144 swoich budynk\u00f3w. Projektujemy nieszablonowe kasetony, tabliczki adresowe i skrzynki na listy, kt\u00f3re sprawiaj\u0105, \u017ce domy naszych klient\u00f3w nabieraj\u0105 nowego blasku. W naszym zak\u0142adzie ka\u017cdego dnia projektujemy nowe rozwi\u0105zania, kt\u00f3re wychodz\u0105 naprzeciw oczekiwaniom klient\u00f3w z ca\u0142ego \u015bwiata. Sprawd\u017a zatem, co&hellip;<\/p>\n","protected":false},"author":1,"featured_media":0,"parent":0,"menu_order":0,"comment_status":"closed","ping_status":"closed","template":"page-static.php","meta":[],"acf":[],"yoast_head":"<!-- This site is optimized with the Yoast SEO plugin v20.4 - https:\/\/yoast.com\/wordpress\/plugins\/seo\/ -->\n<title>O nas \u2014 PRINTIMA<\/title>\n<meta name=\"description\" content=\"Zobacz kim jeste\u015bmy i czym si\u0119 zajmujemy. Poznaj nasze technologie i materia\u0142y, kt\u00f3re wykorzystujemy w naszym zak\u0142adzie produkcyjnym.\" \/>\n<meta name=\"robots\" content=\"index, follow, max-snippet:-1, max-image-preview:large, max-video-preview:-1\" \/>\n<link rel=\"canonical\" href=\"https:\/\/printima.eu\/pl\/o-nas\/\" \/>\n<meta property=\"og:locale\" content=\"pl_PL\" \/>\n<meta property=\"og:type\" content=\"article\" \/>\n<meta property=\"og:title\" content=\"O nas \u2014 PRINTIMA\" \/>\n<meta property=\"og:description\" content=\"Zobacz kim jeste\u015bmy i czym si\u0119 zajmujemy. Poznaj nasze technologie i materia\u0142y, kt\u00f3re wykorzystujemy w naszym zak\u0142adzie produkcyjnym.\" \/>\n<meta property=\"og:url\" content=\"https:\/\/printima.eu\/pl\/o-nas\/\" \/>\n<meta property=\"og:site_name\" content=\"PRINTIMA\" \/>\n<meta property=\"article:publisher\" content=\"https:\/\/www.facebook.com\/printimapl\" \/>\n<meta property=\"article:modified_time\" content=\"2023-04-08T07:56:43+00:00\" \/>\n<meta property=\"og:image\" content=\"https:\/\/cdn.sela.to\/uploads\/sites\/3\/2023\/03\/original-design.svg\" \/>\n<meta name=\"twitter:card\" content=\"summary_large_image\" \/>\n<meta name=\"twitter:label1\" content=\"Szacowany czas czytania\" \/>\n\t<meta name=\"twitter:data1\" content=\"5 minut\" \/>\n<script type=\"application\/ld+json\" class=\"yoast-schema-graph\">{\"@context\":\"https:\/\/schema.org\",\"@graph\":[{\"@type\":\"WebPage\",\"@id\":\"https:\/\/printima.eu\/pl\/o-nas\/\",\"url\":\"https:\/\/printima.eu\/pl\/o-nas\/\",\"name\":\"O nas \u2014 PRINTIMA\",\"isPartOf\":{\"@id\":\"https:\/\/printima.eu\/pl\/#website\"},\"datePublished\":\"2020-01-17T18:13:38+00:00\",\"dateModified\":\"2023-04-08T07:56:43+00:00\",\"description\":\"Zobacz kim jeste\u015bmy i czym si\u0119 zajmujemy. Poznaj nasze technologie i materia\u0142y, kt\u00f3re wykorzystujemy w naszym zak\u0142adzie produkcyjnym.\",\"breadcrumb\":{\"@id\":\"https:\/\/printima.eu\/pl\/o-nas\/#breadcrumb\"},\"inLanguage\":\"pl-PL\",\"potentialAction\":[{\"@type\":\"ReadAction\",\"target\":[\"https:\/\/printima.eu\/pl\/o-nas\/\"]}]},{\"@type\":\"BreadcrumbList\",\"@id\":\"https:\/\/printima.eu\/pl\/o-nas\/#breadcrumb\",\"itemListElement\":[{\"@type\":\"ListItem\",\"position\":1,\"name\":\"Strona g\u0142\u00f3wna\",\"item\":\"https:\/\/printima.eu\/pl\/\"},{\"@type\":\"ListItem\",\"position\":2,\"name\":\"O nas\"}]},{\"@type\":\"WebSite\",\"@id\":\"https:\/\/printima.eu\/pl\/#website\",\"url\":\"https:\/\/printima.eu\/pl\/\",\"name\":\"PRINTIMA\",\"description\":\"Let it shine!\",\"publisher\":{\"@id\":\"https:\/\/printima.eu\/pl\/#organization\"},\"potentialAction\":[{\"@type\":\"SearchAction\",\"target\":{\"@type\":\"EntryPoint\",\"urlTemplate\":\"https:\/\/printima.eu\/pl\/?s={search_term_string}\"},\"query-input\":\"required name=search_term_string\"}],\"inLanguage\":\"pl-PL\"},{\"@type\":\"Organization\",\"@id\":\"https:\/\/printima.eu\/pl\/#organization\",\"name\":\"PRINTIMA\",\"url\":\"https:\/\/printima.eu\/pl\/\",\"logo\":{\"@type\":\"ImageObject\",\"inLanguage\":\"pl-PL\",\"@id\":\"https:\/\/printima.eu\/pl\/#\/schema\/logo\/image\/\",\"url\":\"https:\/\/cdn.sela.to\/uploads\/sites\/3\/2023\/03\/Logo-Printima.png\",\"contentUrl\":\"https:\/\/cdn.sela.to\/uploads\/sites\/3\/2023\/03\/Logo-Printima.png\",\"width\":800,\"height\":221,\"caption\":\"PRINTIMA\"},\"image\":{\"@id\":\"https:\/\/printima.eu\/pl\/#\/schema\/logo\/image\/\"},\"sameAs\":[\"https:\/\/www.facebook.com\/printimapl\",\"https:\/\/www.instagram.com\/printima.pl\/\"]}]}<\/script>\n<!-- \/ Yoast SEO plugin. -->","yoast_head_json":{"title":"O nas \u2014 PRINTIMA","description":"Zobacz kim jeste\u015bmy i czym si\u0119 zajmujemy. Poznaj nasze technologie i materia\u0142y, kt\u00f3re wykorzystujemy w naszym zak\u0142adzie produkcyjnym.","robots":{"index":"index","follow":"follow","max-snippet":"max-snippet:-1","max-image-preview":"max-image-preview:large","max-video-preview":"max-video-preview:-1"},"canonical":"https:\/\/printima.eu\/pl\/o-nas\/","og_locale":"pl_PL","og_type":"article","og_title":"O nas \u2014 PRINTIMA","og_description":"Zobacz kim jeste\u015bmy i czym si\u0119 zajmujemy. Poznaj nasze technologie i materia\u0142y, kt\u00f3re wykorzystujemy w naszym zak\u0142adzie produkcyjnym.","og_url":"https:\/\/printima.eu\/pl\/o-nas\/","og_site_name":"PRINTIMA","article_publisher":"https:\/\/www.facebook.com\/printimapl","article_modified_time":"2023-04-08T07:56:43+00:00","og_image":[{"url":"https:\/\/cdn.sela.to\/uploads\/sites\/3\/2023\/03\/original-design.svg"}],"twitter_card":"summary_large_image","twitter_misc":{"Szacowany czas czytania":"5 minut"},"schema":{"@context":"https:\/\/schema.org","@graph":[{"@type":"WebPage","@id":"https:\/\/printima.eu\/pl\/o-nas\/","url":"https:\/\/printima.eu\/pl\/o-nas\/","name":"O nas \u2014 PRINTIMA","isPartOf":{"@id":"https:\/\/printima.eu\/pl\/#website"},"datePublished":"2020-01-17T18:13:38+00:00","dateModified":"2023-04-08T07:56:43+00:00","description":"Zobacz kim jeste\u015bmy i czym si\u0119 zajmujemy. Poznaj nasze technologie i materia\u0142y, kt\u00f3re wykorzystujemy w naszym zak\u0142adzie produkcyjnym.","breadcrumb":{"@id":"https:\/\/printima.eu\/pl\/o-nas\/#breadcrumb"},"inLanguage":"pl-PL","potentialAction":[{"@type":"ReadAction","target":["https:\/\/printima.eu\/pl\/o-nas\/"]}]},{"@type":"BreadcrumbList","@id":"https:\/\/printima.eu\/pl\/o-nas\/#breadcrumb","itemListElement":[{"@type":"ListItem","position":1,"name":"Strona g\u0142\u00f3wna","item":"https:\/\/printima.eu\/pl\/"},{"@type":"ListItem","position":2,"name":"O nas"}]},{"@type":"WebSite","@id":"https:\/\/printima.eu\/pl\/#website","url":"https:\/\/printima.eu\/pl\/","name":"PRINTIMA","description":"Let it shine!","publisher":{"@id":"https:\/\/printima.eu\/pl\/#organization"},"potentialAction":[{"@type":"SearchAction","target":{"@type":"EntryPoint","urlTemplate":"https:\/\/printima.eu\/pl\/?s={search_term_string}"},"query-input":"required name=search_term_string"}],"inLanguage":"pl-PL"},{"@type":"Organization","@id":"https:\/\/printima.eu\/pl\/#organization","name":"PRINTIMA","url":"https:\/\/printima.eu\/pl\/","logo":{"@type":"ImageObject","inLanguage":"pl-PL","@id":"https:\/\/printima.eu\/pl\/#\/schema\/logo\/image\/","url":"https:\/\/cdn.sela.to\/uploads\/sites\/3\/2023\/03\/Logo-Printima.png","contentUrl":"https:\/\/cdn.sela.to\/uploads\/sites\/3\/2023\/03\/Logo-Printima.png","width":800,"height":221,"caption":"PRINTIMA"},"image":{"@id":"https:\/\/printima.eu\/pl\/#\/schema\/logo\/image\/"},"sameAs":["https:\/\/www.facebook.com\/printimapl","https:\/\/www.instagram.com\/printima.pl\/"]}]}},"_links":{"self":[{"href":"https:\/\/printima.eu\/pl\/wp-json\/wp\/v2\/pages\/3305"}],"collection":[{"href":"https:\/\/printima.eu\/pl\/wp-json\/wp\/v2\/pages"}],"about":[{"href":"https:\/\/printima.eu\/pl\/wp-json\/wp\/v2\/types\/page"}],"author":[{"embeddable":true,"href":"https:\/\/printima.eu\/pl\/wp-json\/wp\/v2\/users\/1"}],"replies":[{"embeddable":true,"href":"https:\/\/printima.eu\/pl\/wp-json\/wp\/v2\/comments?post=3305"}],"version-history":[{"count":0,"href":"https:\/\/printima.eu\/pl\/wp-json\/wp\/v2\/pages\/3305\/revisions"}],"wp:attachment":[{"href":"https:\/\/printima.eu\/pl\/wp-json\/wp\/v2\/media?parent=3305"}],"curies":[{"name":"wp","href":"https:\/\/api.w.org\/{rel}","templated":true}]}}